{"id":818,"date":"2017-10-28T19:22:23","date_gmt":"2017-10-28T16:22:23","guid":{"rendered":"https:\/\/gmsoftware.ro\/?page_id=818"},"modified":"2017-11-06T14:08:09","modified_gmt":"2017-11-06T11:08:09","slug":"website-design-development","status":"publish","type":"page","link":"https:\/\/gmsoftware.ro\/ro\/services\/website-design-development\/","title":{"rendered":"Creare Website"},"content":{"rendered":"[vc_row][vc_column][vc_column_text]\n<h4 style=\"text-align: justify;\">V\u0103 putem ajuta s\u0103 crea\u021bi cel mai bun site web pentru dumneavoastr\u0103 sau afacerea dumneavoastr\u0103. Putem crea site-uri de prezentare, magazine online, site-uri de anun\u021buri imobiliare sau orice alt tip de site de care dumneavoastr\u0103 aveti nevoie.\u00a0Noi v\u0103 ajut\u0103m s\u0103 v\u0103 crea\u021bi o prezen\u021b\u0103 online frumoas\u0103, profesional\u0103 \u0219i u\u0219or de utilizat. <a href=\"https:\/\/gmsoftware.ro\/ro\/contact\/\">Contacta\u021bi-ne<\/a> pentru a discuta cu un developer web \u00een vederea cre\u0103rii unui site web ce corespunde cerin\u021belor dumneavoastr\u0103. GM Software dezvolt\u0103 site-uri web pentru toate tipurile de servicii.<\/h4>\n[\/vc_column_text][\/vc_column][\/vc_row][vc_row css_animation=&#8221;fadeInUp&#8221;][vc_column width=&#8221;1\/4&#8243;][vc_cta h2=&#8221;Drupal&#8221; txt_align=&#8221;center&#8221; shape=&#8221;square&#8221; add_icon=&#8221;top&#8221; i_icon_fontawesome=&#8221;fa fa-drupal&#8221; i_color=&#8221;custom&#8221; i_size=&#8221;lg&#8221; i_custom_color=&#8221;#45215d&#8221;][\/vc_cta][\/vc_column][vc_column width=&#8221;1\/4&#8243;][vc_cta h2=&#8221;Wordpress&#8221; txt_align=&#8221;center&#8221; shape=&#8221;square&#8221; add_icon=&#8221;top&#8221; i_icon_fontawesome=&#8221;fa fa-wordpress&#8221; i_color=&#8221;custom&#8221; i_size=&#8221;lg&#8221; i_custom_color=&#8221;#45215d&#8221;][\/vc_cta][\/vc_column][vc_column width=&#8221;1\/4&#8243;][vc_cta h2=&#8221;OpenCart&#8221; txt_align=&#8221;center&#8221; shape=&#8221;square&#8221; add_icon=&#8221;top&#8221; i_icon_fontawesome=&#8221;fa fa-opencart&#8221; i_color=&#8221;custom&#8221; i_size=&#8221;lg&#8221; i_custom_color=&#8221;#45215d&#8221;][\/vc_cta][\/vc_column][vc_column width=&#8221;1\/4&#8243;][vc_cta h2=&#8221;Joomla&#8221; txt_align=&#8221;center&#8221; shape=&#8221;square&#8221; add_icon=&#8221;top&#8221; i_icon_fontawesome=&#8221;fa fa-joomla&#8221; i_color=&#8221;custom&#8221; i_size=&#8221;lg&#8221; i_custom_color=&#8221;#45215d&#8221;][\/vc_cta][\/vc_column][\/vc_row][vc_row][vc_column]\n<div class=\"wpcf7 no-js\" id=\"wpcf7-f1079-o1\" lang=\"en-US\" dir=\"ltr\">\n<div class=\"screen-reader-response\"><p role=\"status\" aria-live=\"polite\" aria-atomic=\"true\"><\/p> <ul><\/ul><\/div>\n<form action=\"\/ro\/wp-json\/wp\/v2\/pages\/818#wpcf7-f1079-o1\" method=\"post\" class=\"wpcf7-form init\" aria-label=\"Contact form\" novalidate=\"novalidate\" data-status=\"init\">\n<div style=\"display: none;\">\n<input type=\"hidden\" name=\"_wpcf7\" value=\"1079\" \/>\n<input type=\"hidden\" name=\"_wpcf7_version\" value=\"5.7.6\" \/>\n<input type=\"hidden\" name=\"_wpcf7_locale\" value=\"en_US\" \/>\n<input type=\"hidden\" name=\"_wpcf7_unit_tag\" value=\"wpcf7-f1079-o1\" \/>\n<input type=\"hidden\" name=\"_wpcf7_container_post\" value=\"0\" \/>\n<input type=\"hidden\" name=\"_wpcf7_posted_data_hash\" value=\"\" \/>\n<input type=\"hidden\" name=\"_wpcf7_recaptcha_response\" value=\"\" \/>\n<\/div>\n<h3>Sunte\u021bi interesa\u021bi de un website?\n<\/h3>\n<p>V\u0103 rug\u0103m s\u0103 ne l\u0103sa\u021bi adresa dumneavoastr\u0103 de mail \u0219i noi v\u0103 vom contacta \u00een cel mai scurt timp.\n<\/p>\n<p>Email*\n<\/p>\n<p><span class=\"wpcf7-form-control-wrap\" data-name=\"your-email\"><input size=\"40\" class=\"wpcf7-form-control wpcf7-text wpcf7-email wpcf7-validates-as-required wpcf7-validates-as-email\" aria-required=\"true\" aria-invalid=\"false\" value=\"\" type=\"email\" name=\"your-email\" \/><\/span>\n<\/p>\n<p>Mesaj:\n<\/p>\n<p><span class=\"wpcf7-form-control-wrap\" data-name=\"textarea-abonament\"><textarea cols=\"40\" rows=\"10\" class=\"wpcf7-form-control wpcf7-textarea\" aria-invalid=\"false\" name=\"textarea-abonament\"><\/textarea><\/span>\n<\/p>\n<p>\n\n<\/p>\n<p><input class=\"wpcf7-form-control has-spinner wpcf7-submit\" type=\"submit\" value=\"Trimite\" \/>\n<\/p>\n<p> *Ap\u0103s\u00e2nd pe butonul Trimite, sunte\u021bi de acord s\u0103 v\u0103 abona\u021bi la lista noastr\u0103 de e-mail, dar v\u0103 pute\u021bi dezabona oric\u00e2nd dac\u0103 nu dori\u021bi s\u0103 primi\u021bi e-mailurile noastre.\n<\/p>\n<div class=\"wpcf7-response-output\" aria-hidden=\"true\"><\/div>\n<\/form>\n<\/div>\n[\/vc_column][\/vc_row][vc_row][vc_column][vc_custom_heading text=&#8221;Cele mai noi proiecte&#8221; font_container=&#8221;tag:h2|text_align:center&#8221; use_theme_fonts=&#8221;yes&#8221;][vc_masonry_grid post_type=&#8221;page&#8221; max_items=&#8221;10&#8243; style=&#8221;lazy&#8221; item=&#8221;1036&#8243; grid_id=&#8221;vc_gid:1509565705713-78440a1e-fc22-5&#8243; taxonomies=&#8221;4&#8243;][\/vc_column][\/vc_row]\n","protected":false},"excerpt":{"rendered":"<p>[vc_row][vc_column][vc_column_text] V\u0103 putem ajuta s\u0103 crea\u021bi cel mai bun site web pentru dumneavoastr\u0103 sau afacerea dumneavoastr\u0103. Putem crea site-uri de prezentare, magazine online, site-uri de anun\u021buri imobiliare sau orice alt tip de site de care dumneavoastr\u0103 aveti nevoie.\u00a0Noi v\u0103 ajut\u0103m s\u0103 v\u0103 crea\u021bi o prezen\u021b\u0103 online frumoas\u0103, profesional\u0103 \u0219i u\u0219or de utilizat. Contacta\u021bi-ne pentru a discuta cu un developer web \u00een vederea cre\u0103rii unui site&#8230; <\/p>\n<p><a class=\"readmore\" href=\"https:\/\/gmsoftware.ro\/ro\/services\/website-design-development\/\">Read More<\/a><\/p>\n","protected":false},"author":2,"featured_media":0,"parent":148,"menu_order":0,"comment_status":"closed","ping_status":"closed","template":"","meta":{"_mi_skip_tracking":false,"_exactmetrics_sitenote_active":false,"_exactmetrics_sitenote_note":"","_exactmetrics_sitenote_category":0},"categories":[],"tags":[],"translation":{"provider":"WPGlobus","version":"2.12.0","language":"ro","enabled_languages":["en","ro"],"languages":{"en":{"title":true,"content":true,"excerpt":false},"ro":{"title":true,"content":true,"excerpt":false}}},"aioseo_notices":[],"_links":{"self":[{"href":"https:\/\/gmsoftware.ro\/ro\/wp-json\/wp\/v2\/pages\/818"}],"collection":[{"href":"https:\/\/gmsoftware.ro\/ro\/wp-json\/wp\/v2\/pages"}],"about":[{"href":"https:\/\/gmsoftware.ro\/ro\/wp-json\/wp\/v2\/types\/page"}],"author":[{"embeddable":true,"href":"https:\/\/gmsoftware.ro\/ro\/wp-json\/wp\/v2\/users\/2"}],"replies":[{"embeddable":true,"href":"https:\/\/gmsoftware.ro\/ro\/wp-json\/wp\/v2\/comments?post=818"}],"version-history":[{"count":44,"href":"https:\/\/gmsoftware.ro\/ro\/wp-json\/wp\/v2\/pages\/818\/revisions"}],"predecessor-version":[{"id":992,"href":"https:\/\/gmsoftware.ro\/ro\/wp-json\/wp\/v2\/pages\/818\/revisions\/992"}],"up":[{"embeddable":true,"href":"https:\/\/gmsoftware.ro\/ro\/wp-json\/wp\/v2\/pages\/148"}],"wp:attachment":[{"href":"https:\/\/gmsoftware.ro\/ro\/wp-json\/wp\/v2\/media?parent=818"}],"wp:term":[{"taxonomy":"category","embeddable":true,"href":"https:\/\/gmsoftware.ro\/ro\/wp-json\/wp\/v2\/categories?post=818"},{"taxonomy":"post_tag","embeddable":true,"href":"https:\/\/gmsoftware.ro\/ro\/wp-json\/wp\/v2\/tags?post=818"}],"curies":[{"name":"wp","href":"https:\/\/api.w.org\/{rel}","templated":true}]}}