{"id":59,"date":"2016-04-11T15:10:24","date_gmt":"2016-04-11T15:10:24","guid":{"rendered":"https:\/\/gmsoftware.ro\/?page_id=59"},"modified":"2020-02-07T17:22:34","modified_gmt":"2020-02-07T14:22:34","slug":"raportare-iscir","status":"publish","type":"page","link":"https:\/\/gmsoftware.ro\/ro\/projects\/raportare-iscir\/","title":{"rendered":"Raportare ISCIR"},"content":{"rendered":"[vc_row][vc_column width=&#8221;1\/3&#8243;][\/vc_column][vc_column width=&#8221;1\/3&#8243;][vc_gallery type=&#8221;image_grid&#8221; images=&#8221;1177&#8243; img_size=&#8221;medium&#8221; onclick=&#8221;&#8221;][\/vc_column][vc_column width=&#8221;1\/3&#8243;][\/vc_column][\/vc_row][vc_row][vc_column][vc_column_text]\n[\/vc_column_text][\/vc_column][\/vc_row][vc_row css_animation=&#8221;fadeInUp&#8221;][vc_column width=&#8221;1\/2&#8243;][vc_cta h2=&#8221;Baz\u0103 de date local\u0103&#8221; h2_font_container=&#8221;color:%23ffffff&#8221; h2_use_theme_fonts=&#8221;yes&#8221; txt_align=&#8221;center&#8221; shape=&#8221;square&#8221; style=&#8221;custom&#8221; use_custom_fonts_h2=&#8221;true&#8221; custom_background=&#8221;#9cbc42&#8243;][\/vc_cta][\/vc_column][vc_column width=&#8221;1\/2&#8243;][vc_cta h2=&#8221;Genereaz\u0103 Anexa 4&#8243; h2_font_container=&#8221;color:%23ffffff&#8221; h2_use_theme_fonts=&#8221;yes&#8221; txt_align=&#8221;center&#8221; shape=&#8221;square&#8221; style=&#8221;custom&#8221; use_custom_fonts_h2=&#8221;true&#8221; custom_background=&#8221;#f68822&#8243;][\/vc_cta][\/vc_column][\/vc_row][vc_row css_animation=&#8221;fadeInUp&#8221;][vc_column width=&#8221;1\/2&#8243;][vc_cta h2=&#8221;Genereaz\u0103 Anexa 3&#8243; h2_font_container=&#8221;color:%23ffffff&#8221; h2_use_theme_fonts=&#8221;yes&#8221; txt_align=&#8221;center&#8221; shape=&#8221;square&#8221; style=&#8221;custom&#8221; use_custom_fonts_h2=&#8221;true&#8221; custom_background=&#8221;#5cc7d3&#8243;][\/vc_cta][\/vc_column][vc_column width=&#8221;1\/2&#8243;][vc_cta h2=&#8221;Managementul clien\u021bilor&#8221; h2_font_container=&#8221;color:%23ffffff&#8221; h2_use_theme_fonts=&#8221;yes&#8221; txt_align=&#8221;center&#8221; shape=&#8221;square&#8221; style=&#8221;custom&#8221; use_custom_fonts_h2=&#8221;true&#8221; custom_background=&#8221;#ab7c51&#8243;][\/vc_cta][\/vc_column][\/vc_row][vc_row][vc_column][vc_column_text]\n[\/vc_column_text][\/vc_column][\/vc_row][vc_row][vc_column][vc_column_text]\n<p style=\"text-align: justify; font-size: 160%;\">Aceasta este o aplicatie desktop scris\u0103 \u00een limbajul Java si care se conecteaza la o baza de date MySQL, iar principala func\u021bionalitate o presupune managementului clien\u021bilor in cadrul firmelor care monteaz\u0103 \u0219i \u00eentre\u021bin instalatii termice. Este o aplica\u021bie simpl\u0103, usor de folosit \u0219i foarte folositoare micilor companii din acest domeniu dar care poate fi usor adaptat\u0103 \u0219i pentru alte activit\u0103\u021bi. Principalul obiectiv este s\u0103 reduc\u0103 timpul pretrecut \u00een createa rapoartelor ce trebuie predate autorit\u0103\u021bilor \u0219i clien\u021bilor.<\/p>\n<p style=\"text-align: justify; font-size: 160%;\">Aplica\u021bia\u00a0se adreseaz\u0103 tuturor persoanelor juridice autorizate s\u0103 monteze, verifice \u0219i s\u0103 repare aparate de \u00eenc\u0103lzit alimentate cu combustibil solid, lichid sau gazos cu puteri nominale mai mici de 400 kW ce sunt descrise \u00een anexa 1 MECMA nr. 1.007\/2010 pentru aprobarea prescrip\u021biilor tehnice. PT A 1-2010. Aceste persoane juridice sunt reglementate \u0219i verificate de c\u0103tre Inspec\u021bia de Stat pentru Controlul Cazanelor, Recipientelor sub Presiune \u0219i Instala\u021biilor de ridicat \u2013 ISCIR.<\/p>\n<p style=\"text-align: justify; font-size: 160%;\">Fiecare persoan\u0103 juridic\u0103 ce de\u021bine o autoriza\u021bie emis\u0103 de ISCIR au obliga\u021bia s\u0103 \u021bin\u0103 la zi registre de eviden\u021b\u0103 a lucr\u0103rilor efectuate \u0219i totodat\u0103 s\u0103 trimit\u0103 trimestrial la autorit\u0103\u021bii \u00een format electronic situa\u021bia la zi a registrului de eviden\u021b\u0103 a aparatelor(Anexa nr. 4 din PT A 1-2010). Pe l\u00e2ng\u0103 acestea persoana juridic\u0103 trebuie sa completeze urm\u0103toarele anexe:<\/p>\n<ul style=\"text-align: justify; font-size: 160%;\">\n<li>Anexa 1 &#8211; Declara\u021bia de conformitate:\n<ul>\n<li>Instalare\/Montare &#8211; va fi completat\u0103 de persoana juridic\u0103 autorizat\u0103 pentru instalarea sau montarea aparatului<\/li>\n<li>Reparare \u2013 va fi completat\u0103 de persoana juridic\u0103 autorizat\u0103 pentru repararea aparatului<\/li>\n<\/ul>\n<\/li>\n<li>Anexa 2 &#8211; Registrul de eviden\u021b\u0103 a lucr\u0103rilor\n<ul>\n<li>Instalare\/Montare &#8211; va fi completat\u0103 de persoana juridic\u0103 autorizat\u0103 pentru instalarea sau montarea aparatului, RSL sau RVT<\/li>\n<li>Reparare \u2013 va fi completat\u0103 de persoana juridic\u0103 autorizat\u0103 pentru repararea aparatului, RSL sau RVT<\/li>\n<\/ul>\n<\/li>\n<li>Anexa 3 &#8211; Livretul aparat \u2013 se completeaz\u0103 de c\u0103tre RVT c\u00e2nd se realizeaz\u0103 un VTP<\/li>\n<li>Anexa 4 &#8211; Registrul de eviden\u021b\u0103 a aparatelor aflate \u00een supraveghere \u2013 se \u00eenregistreaz\u0103 toate verific\u0103rile efectuate de c\u0103tre persoana juridic\u0103 autorizat\u0103<\/li>\n<li>Anexa 5 \u2013 Procesul verbal pentru scoatere din uz &#8211; va fi completat de c\u0103tre RSVTI utilizatorului<\/li>\n<\/ul>\n<p style=\"text-align: justify; font-size: 160%;\">Aplica\u021bia &#8220;Raportare ISCIR&#8221; creaza automat aceste anexe pe baza datelor introduce \u0219i v\u0103 ajut\u0103 s\u0103 economisti timpul dumneavoastr\u0103.<\/p>\n<p style=\"text-align: justify; font-size: 160%;\">Mai jos puteti vedea cateva imagini cu aplica\u021bia descris\u0103 mai sus:<\/p>\n<div class=\"empty-space\"><\/div>\n[\/vc_column_text][\/vc_column][\/vc_row][vc_row][vc_column]\n<div class=\"wpcf7 no-js\" id=\"wpcf7-f343-o1\" lang=\"en-US\" dir=\"ltr\">\n<div class=\"screen-reader-response\"><p role=\"status\" aria-live=\"polite\" aria-atomic=\"true\"><\/p> <ul><\/ul><\/div>\n<form action=\"\/ro\/wp-json\/wp\/v2\/pages\/59#wpcf7-f343-o1\" method=\"post\" class=\"wpcf7-form init\" aria-label=\"Contact form\" novalidate=\"novalidate\" data-status=\"init\">\n<div style=\"display: none;\">\n<input type=\"hidden\" name=\"_wpcf7\" value=\"343\" \/>\n<input type=\"hidden\" name=\"_wpcf7_version\" value=\"5.7.6\" \/>\n<input type=\"hidden\" name=\"_wpcf7_locale\" value=\"en_US\" \/>\n<input type=\"hidden\" name=\"_wpcf7_unit_tag\" value=\"wpcf7-f343-o1\" \/>\n<input type=\"hidden\" name=\"_wpcf7_container_post\" value=\"0\" \/>\n<input type=\"hidden\" name=\"_wpcf7_posted_data_hash\" value=\"\" \/>\n<input type=\"hidden\" name=\"_wpcf7_recaptcha_response\" value=\"\" \/>\n<\/div>\n<h3>Sunte\u021bi interesa\u021bi de produsul nostru?\n<\/h3>\n<p>Dac\u0103 sunte\u021bi interesa\u021bi de produsul nostru v\u0103 rug\u0103m s\u0103 ne l\u0103sa\u021bi adresa dumneavoastr\u0103 de mail \u0219i noi v\u0103 vom contacta \u00een cel mai scurt timp.\n<\/p>\n<p>Email*\n<\/p>\n<p><span class=\"wpcf7-form-control-wrap\" data-name=\"your-email\"><input size=\"40\" class=\"wpcf7-form-control wpcf7-text wpcf7-email wpcf7-validates-as-required wpcf7-validates-as-email\" aria-required=\"true\" aria-invalid=\"false\" value=\"\" type=\"email\" name=\"your-email\" \/><\/span>\n<\/p>\n<p>\n\n<\/p>\n<p><input class=\"wpcf7-form-control has-spinner wpcf7-submit\" type=\"submit\" value=\"Trimite\" \/>\n<\/p>\n<p> *Ap\u0103s\u00e2nd pe butonul Trimite, sunte\u021bi de acord s\u0103 v\u0103 abona\u021bi la lista noastr\u0103 de e-mail, dar v\u0103 pute\u021bi dezabona oric\u00e2nd dac\u0103 nu dori\u021bi s\u0103 primi\u021bi e-mailurile noastre.\n<\/p>\n<div class=\"wpcf7-response-output\" aria-hidden=\"true\"><\/div>\n<\/form>\n<\/div>\n[\/vc_column][\/vc_row][vc_row][vc_column][layerslider_vc id=&#8221;2&#8243; title=&#8221;Imaginii relevante din &#8220;Raportare ISCIR&#8220;&#8221;][\/vc_column][\/vc_row]\n","protected":false},"excerpt":{"rendered":"<p>[vc_row][vc_column width=&#8221;1\/3&#8243;][\/vc_column][vc_column width=&#8221;1\/3&#8243;][vc_gallery type=&#8221;image_grid&#8221; images=&#8221;1177&#8243; img_size=&#8221;medium&#8221; onclick=&#8221;&#8221;][\/vc_column][vc_column width=&#8221;1\/3&#8243;][\/vc_column][\/vc_row][vc_row][vc_column][vc_column_text] [\/vc_column_text][\/vc_column][\/vc_row][vc_row css_animation=&#8221;fadeInUp&#8221;][vc_column width=&#8221;1\/2&#8243;][vc_cta h2=&#8221;Baz\u0103 de date local\u0103&#8221; h2_font_container=&#8221;color:%23ffffff&#8221; h2_use_theme_fonts=&#8221;yes&#8221; txt_align=&#8221;center&#8221; shape=&#8221;square&#8221; style=&#8221;custom&#8221; use_custom_fonts_h2=&#8221;true&#8221; custom_background=&#8221;#9cbc42&#8243;][\/vc_cta][\/vc_column][vc_column width=&#8221;1\/2&#8243;][vc_cta h2=&#8221;Genereaz\u0103 Anexa 4&#8243; h2_font_container=&#8221;color:%23ffffff&#8221; h2_use_theme_fonts=&#8221;yes&#8221; txt_align=&#8221;center&#8221; shape=&#8221;square&#8221; style=&#8221;custom&#8221; use_custom_fonts_h2=&#8221;true&#8221; custom_background=&#8221;#f68822&#8243;][\/vc_cta][\/vc_column][\/vc_row][vc_row css_animation=&#8221;fadeInUp&#8221;][vc_column width=&#8221;1\/2&#8243;][vc_cta h2=&#8221;Genereaz\u0103 Anexa 3&#8243; h2_font_container=&#8221;color:%23ffffff&#8221; h2_use_theme_fonts=&#8221;yes&#8221; txt_align=&#8221;center&#8221; shape=&#8221;square&#8221; style=&#8221;custom&#8221; use_custom_fonts_h2=&#8221;true&#8221; custom_background=&#8221;#5cc7d3&#8243;][\/vc_cta][\/vc_column][vc_column width=&#8221;1\/2&#8243;][vc_cta h2=&#8221;Managementul clien\u021bilor&#8221; h2_font_container=&#8221;color:%23ffffff&#8221; h2_use_theme_fonts=&#8221;yes&#8221; txt_align=&#8221;center&#8221; shape=&#8221;square&#8221; style=&#8221;custom&#8221; use_custom_fonts_h2=&#8221;true&#8221; custom_background=&#8221;#ab7c51&#8243;][\/vc_cta][\/vc_column][\/vc_row][vc_row][vc_column][vc_column_text] [\/vc_column_text][\/vc_column][\/vc_row][vc_row][vc_column][vc_column_text] Aceasta este o aplicatie desktop scris\u0103 \u00een limbajul Java&#8230; <\/p>\n<p><a class=\"readmore\" href=\"https:\/\/gmsoftware.ro\/ro\/projects\/raportare-iscir\/\">Read More<\/a><\/p>\n","protected":false},"author":1,"featured_media":374,"parent":32,"menu_order":0,"comment_status":"closed","ping_status":"closed","template":"","meta":{"_mi_skip_tracking":false,"_exactmetrics_sitenote_active":false,"_exactmetrics_sitenote_note":"","_exactmetrics_sitenote_category":0},"categories":[6],"tags":[],"translation":{"provider":"WPGlobus","version":"2.12.0","language":"ro","enabled_languages":["en","ro"],"languages":{"en":{"title":true,"content":true,"excerpt":false},"ro":{"title":true,"content":true,"excerpt":false}}},"aioseo_notices":[],"_links":{"self":[{"href":"https:\/\/gmsoftware.ro\/ro\/wp-json\/wp\/v2\/pages\/59"}],"collection":[{"href":"https:\/\/gmsoftware.ro\/ro\/wp-json\/wp\/v2\/pages"}],"about":[{"href":"https:\/\/gmsoftware.ro\/ro\/wp-json\/wp\/v2\/types\/page"}],"author":[{"embeddable":true,"href":"https:\/\/gmsoftware.ro\/ro\/wp-json\/wp\/v2\/users\/1"}],"replies":[{"embeddable":true,"href":"https:\/\/gmsoftware.ro\/ro\/wp-json\/wp\/v2\/comments?post=59"}],"version-history":[{"count":81,"href":"https:\/\/gmsoftware.ro\/ro\/wp-json\/wp\/v2\/pages\/59\/revisions"}],"predecessor-version":[{"id":1356,"href":"https:\/\/gmsoftware.ro\/ro\/wp-json\/wp\/v2\/pages\/59\/revisions\/1356"}],"up":[{"embeddable":true,"href":"https:\/\/gmsoftware.ro\/ro\/wp-json\/wp\/v2\/pages\/32"}],"wp:featuredmedia":[{"embeddable":true,"href":"https:\/\/gmsoftware.ro\/ro\/wp-json\/wp\/v2\/media\/374"}],"wp:attachment":[{"href":"https:\/\/gmsoftware.ro\/ro\/wp-json\/wp\/v2\/media?parent=59"}],"wp:term":[{"taxonomy":"category","embeddable":true,"href":"https:\/\/gmsoftware.ro\/ro\/wp-json\/wp\/v2\/categories?post=59"},{"taxonomy":"post_tag","embeddable":true,"href":"https:\/\/gmsoftware.ro\/ro\/wp-json\/wp\/v2\/tags?post=59"}],"curies":[{"name":"wp","href":"https:\/\/api.w.org\/{rel}","templated":true}]}}