{"id":32,"date":"2015-12-06T11:16:07","date_gmt":"2015-12-06T11:16:07","guid":{"rendered":"https:\/\/gmsoftware.ro\/?page_id=32"},"modified":"2018-10-01T23:28:13","modified_gmt":"2018-10-01T20:28:13","slug":"projects","status":"publish","type":"page","link":"https:\/\/gmsoftware.ro\/ro\/projects\/","title":{"rendered":"Proiecte"},"content":{"rendered":"<div class=\"empty-space\">\n[vc_row][vc_column][vc_custom_heading text=&#8221;GMSoftware a realizat diferite proiecte \u00eencep\u00e2nd cu aplica\u021bii desktop la magazine online \u0219i aplica\u021bii mobile:&#8221; font_container=&#8221;tag:h4|text_align:center&#8221; use_theme_fonts=&#8221;yes&#8221;][\/vc_column][\/vc_row][vc_row][vc_column]<div class=\"templatera_shortcode\"><section class=\"wpb_row  \"><div class=\"wpb_column vc_column_container vc_col-sm-12\"><div class=\"vc_column-inner \"><div class=\"wpb_wrapper\"><h3 style=\"text-align: left\" class=\"vc_custom_heading\" ><a href=\"http:\/\/gmsoftware.ro\/ro\/projects\/whatsmonitor\/\">Solutii Cloud<\/a><\/h3><\/div><\/div><\/div><\/section><section class=\"wpb_row  \"><div class=\"wpb_column vc_column_container vc_col-sm-12\"><div class=\"vc_column-inner \"><div class=\"wpb_wrapper\"><section class=\"vc_cta3-container\" >\n\t<div class=\"vc_general vc_cta3 vc_cta3-style-classic vc_cta3-shape-square vc_cta3-align-center vc_cta3-color-classic vc_cta3-icon-size-md vc_cta3-icons-top\">\n\t\t<div class=\"vc_cta3-icons\"><div \tclass=\"vc_icon_element vc_icon_element-outer vc_icon_element-align-left\">\n\t<div class=\"vc_icon_element-inner vc_icon_element-color-blue vc_icon_element-size-md vc_icon_element-style- vc_icon_element-background-color-grey\">\n\t\t<span class=\"vc_icon_element-icon fa fa-cloud\" ><\/span><\/div>\n<\/div>\n<\/div>\t\t\t\t<div class=\"vc_cta3_content-container\">\n\t\t\t\t\t\t\t\t\t<div class=\"vc_cta3-content\">\n\t\t\t\t<header class=\"vc_cta3-content-header\">\n\t\t\t\t\t<h2  class=\"vc_custom_heading\" ><a href=\"http:\/\/gmsoftware.ro\/projects\/whatsmonitor\/\">Whats Monitor<\/a><\/h2>\t\t\t\t\t\t\t\t\t<\/header>\n\t\t\t\t\t\t\t<\/div>\n\t\t\t\t\t\t\t\t<\/div>\n\t\t\t\t\t<\/div>\n<\/section>\n\n<\/div><\/div><\/div><\/section><\/div>[\/vc_column][\/vc_row][vc_row][vc_column]<div class=\"templatera_shortcode\"><section class=\"wpb_row  \"><div class=\"wpb_column vc_column_container vc_col-sm-12\"><div class=\"vc_column-inner \"><div class=\"wpb_wrapper\"><h3 style=\"text-align: left\" class=\"vc_custom_heading\" >Mobile Aplications<\/h3><\/div><\/div><\/div><\/section><section class=\"wpb_row   wpb_animate_when_almost_visible wpb_fadeInUp fadeInUp\"><div class=\"wpb_column vc_column_container vc_col-sm-6\"><div class=\"vc_column-inner \"><div class=\"wpb_wrapper\"><section class=\"vc_cta3-container\" >\n\t<div class=\"vc_general vc_cta3 call_to_action_fixed_height  vc_cta3-style-classic vc_cta3-shape-square vc_cta3-align-center vc_cta3-color-classic vc_cta3-icon-size-md vc_cta3-icons-top\">\n\t\t<div class=\"vc_cta3-icons\"><div \tclass=\"vc_icon_element vc_icon_element-outer vc_icon_element-align-left\">\n\t<div class=\"vc_icon_element-inner vc_icon_element-color-blue vc_icon_element-size-md vc_icon_element-style- vc_icon_element-background-color-grey\">\n\t\t<span class=\"vc_icon_element-icon fa fa-android\" ><\/span><\/div>\n<\/div>\n<\/div>\t\t\t\t<div class=\"vc_cta3_content-container\">\n\t\t\t\t\t\t\t\t\t<div class=\"vc_cta3-content\">\n\t\t\t\t<header class=\"vc_cta3-content-header\">\n\t\t\t\t\t<h2  class=\"vc_custom_heading\" ><a href=\"http:\/\/gmsoftware.ro\/ro\/projects\/indreapta-spatele-android-aplication\/\">Indreapt\u0103 Spatele<\/a><\/h2>\t\t\t\t\t\t\t\t\t<\/header>\n\t\t\t\t\t\t\t<\/div>\n\t\t\t\t\t\t\t\t<\/div>\n\t\t\t\t\t<\/div>\n<\/section>\n\n<\/div><\/div><\/div><div class=\"wpb_column vc_column_container vc_col-sm-6\"><div class=\"vc_column-inner \"><div class=\"wpb_wrapper\"><section class=\"vc_cta3-container\" >\n\t<div class=\"vc_general vc_cta3 call_to_action_fixed_height  vc_cta3-style-classic vc_cta3-shape-square vc_cta3-align-center vc_cta3-color-classic vc_cta3-icon-size-md vc_cta3-icons-top\">\n\t\t<div class=\"vc_cta3-icons\"><div \tclass=\"vc_icon_element vc_icon_element-outer vc_icon_element-align-left\">\n\t<div class=\"vc_icon_element-inner vc_icon_element-color-blue vc_icon_element-size-md vc_icon_element-style- vc_icon_element-background-color-grey\">\n\t\t<span class=\"vc_icon_element-icon fa fa-apple\" ><\/span><\/div>\n<\/div>\n<\/div>\t\t\t\t<div class=\"vc_cta3_content-container\">\n\t\t\t\t\t\t\t\t\t<div class=\"vc_cta3-content\">\n\t\t\t\t<header class=\"vc_cta3-content-header\">\n\t\t\t\t\t<h2  class=\"vc_custom_heading\" ><a href=\"http:\/\/gmsoftware.ro\/ro\/projects\/stock-selling-profit-calculator\/\">Stock Selling Profit Calculator<\/a><\/h2>\t\t\t\t\t\t\t\t\t<\/header>\n\t\t\t\t\t\t\t<\/div>\n\t\t\t\t\t\t\t\t<\/div>\n\t\t\t\t\t<\/div>\n<\/section>\n\n<\/div><\/div><\/div><\/section><\/div>[\/vc_column][\/vc_row][vc_row][vc_column]<div class=\"templatera_shortcode\"><section class=\"wpb_row  \"><div class=\"wpb_column vc_column_container vc_col-sm-12\"><div class=\"vc_column-inner \"><div class=\"wpb_wrapper\"><h3 style=\"text-align: left\" class=\"vc_custom_heading\" >Desktop Apps<\/h3><\/div><\/div><\/div><\/section><section class=\"wpb_row   wpb_animate_when_almost_visible wpb_fadeInUp fadeInUp\"><div class=\"wpb_column vc_column_container vc_col-sm-12\"><div class=\"vc_column-inner \"><div class=\"wpb_wrapper\"><section class=\"vc_cta3-container\" >\n\t<div class=\"vc_general vc_cta3 vc_cta3-style-classic vc_cta3-shape-square vc_cta3-align-center vc_cta3-color-classic vc_cta3-icon-size-md vc_cta3-icons-top\">\n\t\t<div class=\"vc_cta3-icons\"><div \tclass=\"vc_icon_element vc_icon_element-outer vc_icon_element-align-left\">\n\t<div class=\"vc_icon_element-inner vc_icon_element-color-blue vc_icon_element-size-md vc_icon_element-style- vc_icon_element-background-color-grey\">\n\t\t<span class=\"vc_icon_element-icon fa fa-desktop\" ><\/span><\/div>\n<\/div>\n<\/div>\t\t\t\t<div class=\"vc_cta3_content-container\">\n\t\t\t\t\t\t\t\t\t<div class=\"vc_cta3-content\">\n\t\t\t\t<header class=\"vc_cta3-content-header\">\n\t\t\t\t\t<h2  class=\"vc_custom_heading\" ><a href=\"http:\/\/gmsoftware.ro\/ro\/projects\/raportare-iscir\/\">Raportare ISCIR<\/a><\/h2>\t\t\t\t\t\t\t\t\t<\/header>\n\t\t\t\t<p><a href=\"https:\/\/gmsoftware.ro\/ro\/projects\/raportare-iscir\/\">Ajuta afacerile din domeniul instala\u021biilor \u0219i centralelor termice s\u0103 aib\u0103 un mai bun management asupra clien\u021bilor \u0219i s\u0103 le ofere acestora servicii de o \u00eenalt\u0103 calitate. Aplica\u021bia poate emite rapoarte necesare activit\u0103\u021biilor desf\u0103\u0219urate \u00een interesul clientului, c\u00e2t \u0219i rapoarte ce trebuie transmise trimestrial autorit\u0103\u021bii ce reglementeaz\u0103 aceste afaceri - ISCIR.<\/a><\/p>\n\t\t\t<\/div>\n\t\t\t\t\t\t\t\t<\/div>\n\t\t\t\t\t<\/div>\n<\/section>\n\n<\/div><\/div><\/div><\/section><\/div>[\/vc_column][\/vc_row][vc_row][vc_column]<div class=\"templatera_shortcode\"><section class=\"wpb_row  \"><div class=\"wpb_column vc_column_container vc_col-sm-12\"><div class=\"vc_column-inner \"><div class=\"wpb_wrapper\"><h3 style=\"text-align: left\" class=\"vc_custom_heading\" >Websites portofolio<\/h3><h4 style=\"text-align: justify\" class=\"vc_custom_heading\" >GM Software a creat clien\u021bilor s\u0103i site-uri de presentare \u0219i site-uri de cump\u0103r\u0103turi bazate fie pe WordPress fie pe OpenCart. Aceast\u0103 pagin\u0103 v\u0103 prezint\u0103 portofoliu nostru pentru clien\u021bii curen\u021bi \u0219i anteriori.<\/h4><\/div><\/div><\/div><\/section><section class=\"wpb_row   wpb_animate_when_almost_visible wpb_fadeInUp fadeInUp\"><div class=\"wpb_column vc_column_container vc_col-sm-6\"><div class=\"vc_column-inner \"><div class=\"wpb_wrapper\"><section class=\"vc_cta3-container\" >\n\t<div class=\"vc_general vc_cta3 vc_cta3-style-classic vc_cta3-shape-square vc_cta3-align-center vc_cta3-color-classic vc_cta3-icon-size-md vc_cta3-icons-top\">\n\t\t<div class=\"vc_cta3-icons\"><div \tclass=\"vc_icon_element vc_icon_element-outer vc_icon_element-align-left\">\n\t<div class=\"vc_icon_element-inner vc_icon_element-color-blue vc_icon_element-size-md vc_icon_element-style- vc_icon_element-background-color-grey\">\n\t\t<span class=\"vc_icon_element-icon fa fa-wordpress\" ><\/span><\/div>\n<\/div>\n<\/div>\t\t\t\t<div class=\"vc_cta3_content-container\">\n\t\t\t\t\t\t\t\t\t<div class=\"vc_cta3-content\">\n\t\t\t\t<header class=\"vc_cta3-content-header\">\n\t\t\t\t\t<h2  class=\"vc_custom_heading\" ><a href=\"http:\/\/gmsoftware.ro\/ro\/projects\/nechita-stomatologie\/\">Nechita Stomatologie<\/a><\/h2>\t\t\t\t\t\t\t\t\t<\/header>\n\t\t\t\t\t\t\t<\/div>\n\t\t\t\t\t\t\t\t<\/div>\n\t\t\t\t\t<\/div>\n<\/section>\n\n<\/div><\/div><\/div><div class=\"wpb_column vc_column_container vc_col-sm-6\"><div class=\"vc_column-inner \"><div class=\"wpb_wrapper\"><section class=\"vc_cta3-container\" >\n\t<div class=\"vc_general vc_cta3 vc_cta3-style-classic vc_cta3-shape-square vc_cta3-align-center vc_cta3-color-classic vc_cta3-icon-size-md vc_cta3-icons-top\">\n\t\t<div class=\"vc_cta3-icons\"><div \tclass=\"vc_icon_element vc_icon_element-outer vc_icon_element-align-left\">\n\t<div class=\"vc_icon_element-inner vc_icon_element-color-blue vc_icon_element-size-md vc_icon_element-style- vc_icon_element-background-color-grey\">\n\t\t<span class=\"vc_icon_element-icon fa fa-wordpress\" ><\/span><\/div>\n<\/div>\n<\/div>\t\t\t\t<div class=\"vc_cta3_content-container\">\n\t\t\t\t\t\t\t\t\t<div class=\"vc_cta3-content\">\n\t\t\t\t<header class=\"vc_cta3-content-header\">\n\t\t\t\t\t<h2  class=\"vc_custom_heading\" ><a href=\"http:\/\/gmsoftware.ro\/ro\/projects\/molidts\">Molid TS<\/a><\/h2>\t\t\t\t\t\t\t\t\t<\/header>\n\t\t\t\t\t\t\t<\/div>\n\t\t\t\t\t\t\t\t<\/div>\n\t\t\t\t\t<\/div>\n<\/section>\n\n<\/div><\/div><\/div><\/section><section class=\"wpb_row   wpb_animate_when_almost_visible wpb_fadeInUp fadeInUp\"><div class=\"wpb_column vc_column_container vc_col-sm-4\"><div class=\"vc_column-inner \"><div class=\"wpb_wrapper\"><section class=\"vc_cta3-container\" >\n\t<div class=\"vc_general vc_cta3 call_to_action_fixed_height  vc_cta3-style-classic vc_cta3-shape-square vc_cta3-align-center vc_cta3-color-classic vc_cta3-icon-size-md vc_cta3-icons-top\">\n\t\t<div class=\"vc_cta3-icons\"><div \tclass=\"vc_icon_element vc_icon_element-outer vc_icon_element-align-left\">\n\t<div class=\"vc_icon_element-inner vc_icon_element-color-blue vc_icon_element-size-md vc_icon_element-style- vc_icon_element-background-color-grey\">\n\t\t<span class=\"vc_icon_element-icon fa fa-wordpress\" ><\/span><\/div>\n<\/div>\n<\/div>\t\t\t\t<div class=\"vc_cta3_content-container\">\n\t\t\t\t\t\t\t\t\t<div class=\"vc_cta3-content\">\n\t\t\t\t<header class=\"vc_cta3-content-header\">\n\t\t\t\t\t<h2  class=\"vc_custom_heading\" ><a href=\"http:\/\/gmsoftware.ro\/ro\/projects\/indreaptaspatele\/\">Indreapta Spatele<\/a><\/h2>\t\t\t\t\t\t\t\t\t<\/header>\n\t\t\t\t\t\t\t<\/div>\n\t\t\t\t\t\t\t\t<\/div>\n\t\t\t\t\t<\/div>\n<\/section>\n\n<\/div><\/div><\/div><div class=\"wpb_column vc_column_container vc_col-sm-4\"><div class=\"vc_column-inner \"><div class=\"wpb_wrapper\"><section class=\"vc_cta3-container\" >\n\t<div class=\"vc_general vc_cta3 call_to_action_fixed_height  vc_cta3-style-classic vc_cta3-shape-square vc_cta3-align-center vc_cta3-color-classic vc_cta3-icon-size-md vc_cta3-icons-top\">\n\t\t<div class=\"vc_cta3-icons\"><div \tclass=\"vc_icon_element vc_icon_element-outer vc_icon_element-align-left\">\n\t<div class=\"vc_icon_element-inner vc_icon_element-color-blue vc_icon_element-size-md vc_icon_element-style- vc_icon_element-background-color-grey\">\n\t\t<span class=\"vc_icon_element-icon fa fa-opencart\" ><\/span><\/div>\n<\/div>\n<\/div>\t\t\t\t<div class=\"vc_cta3_content-container\">\n\t\t\t\t\t\t\t\t\t<div class=\"vc_cta3-content\">\n\t\t\t\t<header class=\"vc_cta3-content-header\">\n\t\t\t\t\t<h2  class=\"vc_custom_heading\" ><a href=\"http:\/\/gmsoftware.ro\/ro\/projects\/dariashop\/\">Daria Shop<\/a><\/h2>\t\t\t\t\t\t\t\t\t<\/header>\n\t\t\t\t\t\t\t<\/div>\n\t\t\t\t\t\t\t\t<\/div>\n\t\t\t\t\t<\/div>\n<\/section>\n\n<\/div><\/div><\/div><div class=\"wpb_column vc_column_container vc_col-sm-4\"><div class=\"vc_column-inner \"><div class=\"wpb_wrapper\"><section class=\"vc_cta3-container\" >\n\t<div class=\"vc_general vc_cta3 call_to_action_fixed_height  vc_cta3-style-classic vc_cta3-shape-square vc_cta3-align-center vc_cta3-color-classic vc_cta3-icon-size-md vc_cta3-icons-top\">\n\t\t<div class=\"vc_cta3-icons\"><div \tclass=\"vc_icon_element vc_icon_element-outer vc_icon_element-align-left\">\n\t<div class=\"vc_icon_element-inner vc_icon_element-color-blue vc_icon_element-size-md vc_icon_element-style- vc_icon_element-background-color-grey\">\n\t\t<span class=\"vc_icon_element-icon fa fa-wordpress\" ><\/span><\/div>\n<\/div>\n<\/div>\t\t\t\t<div class=\"vc_cta3_content-container\">\n\t\t\t\t\t\t\t\t\t<div class=\"vc_cta3-content\">\n\t\t\t\t<header class=\"vc_cta3-content-header\">\n\t\t\t\t\t<h2  class=\"vc_custom_heading\" ><a href=\"http:\/\/gmsoftware.ro\/ro\/projects\/london-house-iasi\/\">London House Iasi<\/a><\/h2>\t\t\t\t\t\t\t\t\t<\/header>\n\t\t\t\t\t\t\t<\/div>\n\t\t\t\t\t\t\t\t<\/div>\n\t\t\t\t\t<\/div>\n<\/section>\n\n<\/div><\/div><\/div><\/section><section class=\"wpb_row   wpb_animate_when_almost_visible wpb_fadeInUp fadeInUp\"><div class=\"wpb_column vc_column_container vc_col-sm-4\"><div class=\"vc_column-inner \"><div class=\"wpb_wrapper\"><section class=\"vc_cta3-container\" >\n\t<div class=\"vc_general vc_cta3 call_to_action_fixed_height  vc_cta3-style-classic vc_cta3-shape-square vc_cta3-align-center vc_cta3-color-classic vc_cta3-icon-size-md vc_cta3-icons-top\">\n\t\t<div class=\"vc_cta3-icons\"><div \tclass=\"vc_icon_element vc_icon_element-outer vc_icon_element-align-left\">\n\t<div class=\"vc_icon_element-inner vc_icon_element-color-blue vc_icon_element-size-md vc_icon_element-style- vc_icon_element-background-color-grey\">\n\t\t<span class=\"vc_icon_element-icon fa fa-wordpress\" ><\/span><\/div>\n<\/div>\n<\/div>\t\t\t\t<div class=\"vc_cta3_content-container\">\n\t\t\t\t\t\t\t\t\t<div class=\"vc_cta3-content\">\n\t\t\t\t<header class=\"vc_cta3-content-header\">\n\t\t\t\t\t<h2  class=\"vc_custom_heading\" ><a href=\"http:\/\/gmsoftware.ro\/ro\/projects\/euroderma\/\">Euroderma<\/a><\/h2>\t\t\t\t\t\t\t\t\t<\/header>\n\t\t\t\t\t\t\t<\/div>\n\t\t\t\t\t\t\t\t<\/div>\n\t\t\t\t\t<\/div>\n<\/section>\n\n<\/div><\/div><\/div><div class=\"wpb_column vc_column_container vc_col-sm-4\"><div class=\"vc_column-inner \"><div class=\"wpb_wrapper\"><section class=\"vc_cta3-container\" >\n\t<div class=\"vc_general vc_cta3 call_to_action_fixed_height  vc_cta3-style-classic vc_cta3-shape-square vc_cta3-align-center vc_cta3-color-classic vc_cta3-icon-size-md vc_cta3-icons-top\">\n\t\t<div class=\"vc_cta3-icons\"><div \tclass=\"vc_icon_element vc_icon_element-outer vc_icon_element-align-left\">\n\t<div class=\"vc_icon_element-inner vc_icon_element-color-blue vc_icon_element-size-md vc_icon_element-style- vc_icon_element-background-color-grey\">\n\t\t<span class=\"vc_icon_element-icon fa fa-opencart\" ><\/span><\/div>\n<\/div>\n<\/div>\t\t\t\t<div class=\"vc_cta3_content-container\">\n\t\t\t\t\t\t\t\t\t<div class=\"vc_cta3-content\">\n\t\t\t\t<header class=\"vc_cta3-content-header\">\n\t\t\t\t\t<h2  class=\"vc_custom_heading\" ><a href=\"http:\/\/gmsoftware.ro\/ro\/projects\/dermapharmashop\/\">Derma Pharma Shop<\/a><\/h2>\t\t\t\t\t\t\t\t\t<\/header>\n\t\t\t\t\t\t\t<\/div>\n\t\t\t\t\t\t\t\t<\/div>\n\t\t\t\t\t<\/div>\n<\/section>\n\n<\/div><\/div><\/div><div class=\"wpb_column vc_column_container vc_col-sm-4\"><div class=\"vc_column-inner \"><div class=\"wpb_wrapper\"><section class=\"vc_cta3-container\" >\n\t<div class=\"vc_general vc_cta3 call_to_action_fixed_height  vc_cta3-style-classic vc_cta3-shape-square vc_cta3-align-center vc_cta3-color-classic vc_cta3-icon-size-md vc_cta3-icons-top\">\n\t\t<div class=\"vc_cta3-icons\"><div \tclass=\"vc_icon_element vc_icon_element-outer vc_icon_element-align-left\">\n\t<div class=\"vc_icon_element-inner vc_icon_element-color-blue vc_icon_element-size-md vc_icon_element-style- vc_icon_element-background-color-grey\">\n\t\t<span class=\"vc_icon_element-icon fa fa-wordpress\" ><\/span><\/div>\n<\/div>\n<\/div>\t\t\t\t<div class=\"vc_cta3_content-container\">\n\t\t\t\t\t\t\t\t\t<div class=\"vc_cta3-content\">\n\t\t\t\t<header class=\"vc_cta3-content-header\">\n\t\t\t\t\t<h2  class=\"vc_custom_heading\" ><a href=\"http:\/\/gmsoftware.ro\/ro\/projects\/lauderma\/\">Lauderma<\/a><\/h2>\t\t\t\t\t\t\t\t\t<\/header>\n\t\t\t\t\t\t\t<\/div>\n\t\t\t\t\t\t\t\t<\/div>\n\t\t\t\t\t<\/div>\n<\/section>\n\n<\/div><\/div><\/div><\/section><\/div>[\/vc_column][\/vc_row]\n<\/div>\n","protected":false},"excerpt":{"rendered":"Websites portofolioGM Software a creat clien\u021bilor s\u0103i site-uri de presentare \u0219i site-uri de cump\u0103r\u0103turi bazate fie pe WordPress fie pe OpenCart. Aceast\u0103 pagin\u0103 v\u0103 prezint\u0103 portofoliu nostru pentru clien\u021bii curen\u021bi \u0219i anteriori. Nechita Stomatologie Molid TS Indreapta Spatele Daria Shop London House Iasi Euroderma Derma Pharma Shop Lauderma","protected":false},"author":1,"featured_media":0,"parent":0,"menu_order":0,"comment_status":"closed","ping_status":"closed","template":"","meta":{"_mi_skip_tracking":false,"_exactmetrics_sitenote_active":false,"_exactmetrics_sitenote_note":"","_exactmetrics_sitenote_category":0},"categories":[],"tags":[],"translation":{"provider":"WPGlobus","version":"2.12.0","language":"ro","enabled_languages":["en","ro"],"languages":{"en":{"title":true,"content":true,"excerpt":false},"ro":{"title":true,"content":true,"excerpt":false}}},"aioseo_notices":[],"_links":{"self":[{"href":"https:\/\/gmsoftware.ro\/ro\/wp-json\/wp\/v2\/pages\/32"}],"collection":[{"href":"https:\/\/gmsoftware.ro\/ro\/wp-json\/wp\/v2\/pages"}],"about":[{"href":"https:\/\/gmsoftware.ro\/ro\/wp-json\/wp\/v2\/types\/page"}],"author":[{"embeddable":true,"href":"https:\/\/gmsoftware.ro\/ro\/wp-json\/wp\/v2\/users\/1"}],"replies":[{"embeddable":true,"href":"https:\/\/gmsoftware.ro\/ro\/wp-json\/wp\/v2\/comments?post=32"}],"version-history":[{"count":83,"href":"https:\/\/gmsoftware.ro\/ro\/wp-json\/wp\/v2\/pages\/32\/revisions"}],"predecessor-version":[{"id":1252,"href":"https:\/\/gmsoftware.ro\/ro\/wp-json\/wp\/v2\/pages\/32\/revisions\/1252"}],"wp:attachment":[{"href":"https:\/\/gmsoftware.ro\/ro\/wp-json\/wp\/v2\/media?parent=32"}],"wp:term":[{"taxonomy":"category","embeddable":true,"href":"https:\/\/gmsoftware.ro\/ro\/wp-json\/wp\/v2\/categories?post=32"},{"taxonomy":"post_tag","embeddable":true,"href":"https:\/\/gmsoftware.ro\/ro\/wp-json\/wp\/v2\/tags?post=32"}],"curies":[{"name":"wp","href":"https:\/\/api.w.org\/{rel}","templated":true}]}}