{"id":25,"date":"2015-12-06T10:45:15","date_gmt":"2015-12-06T10:45:15","guid":{"rendered":"https:\/\/gmsoftware.ro\/?page_id=25"},"modified":"2019-10-24T09:18:15","modified_gmt":"2019-10-24T06:18:15","slug":"home","status":"publish","type":"page","link":"https:\/\/gmsoftware.ro\/ro\/","title":{"rendered":""},"content":{"rendered":"[vc_row][vc_column][vc_column_text]\n<div class=\"\">\n<div class=\"menu_page top-white-box-bg\">\n<div class=\"top-grey-box middle-align\">\n[\/vc_column_text][\/vc_column][\/vc_row][vc_row][vc_column][layerslider_vc id=&#8221;1&#8243;][\/vc_column][\/vc_row][vc_row][vc_column][vc_cta h2=&#8221;Ne adres\u0103m problemelor dumneavoastr\u0103 zilnice&#8221; txt_align=&#8221;center&#8221; shape=&#8221;square&#8221; style=&#8221;custom&#8221;]\n<blockquote>\n<h3><strong>Dac\u0103 ast\u0103zi ar fi ultima zi a vie\u021bii mele, a\u0219 vrea s\u0103 fac ceea ce voi face ast\u0103zi?<\/strong><\/h3>\n<\/blockquote>\n<h4>GM Software este despre pasiunea pentru software \u0219i despre abilitatea de a r\u0103spunde &#8220;DA!&#8221; \u00een fiecare zi acestei \u00eentreb\u0103ri.<\/h4>\n<h4>Ne bucur\u0103m de vizitatorii no\u0219tri \u0219i \u00eei \u00eencuraj\u0103m s\u0103 exploreze site-ul nostru pentru a afla mai multe despre noi. Pute\u021bi vizita pagina dedicat\u0103 <a href=\"https:\/\/gmsoftware.ro\/ro\/the-team\/\">Echipei<\/a> pentru a citi c\u00e2teva r\u00e2nduri despre oamenii care s-au str\u00e2ns \u00een jurul valorilor GM Software. V\u0103 rug\u0103m s\u0103 nu ezita\u021bi s\u0103 vizita\u021bi \u0219i pagina noastr\u0103 cu <a href=\"https:\/\/gmsoftware.ro\/ro\/projects\/\">Proiecte<\/a> \u0219i ce au de spus clien\u021bii nostru dup\u0103 ce au utilizat produsele pe care noi le-am creat. Dac\u0103 dori\u021bi s\u0103 ne contacta\u021bi pentru p\u0103reri, sugestii sau o viitoare colaborare utiliza\u021bi pagina de <a href=\"https:\/\/gmsoftware.ro\/ro\/contact\/\">Contact<\/a>. \u00cen final am dori s\u0103 afl\u0103m cum r\u0103spunde\u021bi la faimoasa \u00eentrebare a lui Steve Jobs, citat\u0103 mai sus.<\/h4>\n[\/vc_cta][\/vc_column][\/vc_row][vc_row][vc_column][vc_column_text]\n[\/vc_column_text][\/vc_column][\/vc_row][vc_row][vc_column][vc_cta h2=&#8221;Proiecte recente &#8211; Raportare ISCIR&#8221; txt_align=&#8221;center&#8221; shape=&#8221;square&#8221; style=&#8221;flat&#8221; color=&#8221;white&#8221; add_button=&#8221;bottom&#8221; btn_title=&#8221;Mergi la pagina proiectului&#8221; btn_shape=&#8221;square&#8221; btn_color=&#8221;black&#8221; btn_align=&#8221;center&#8221; btn_i_icon_fontawesome=&#8221;fa fa-chevron-circle-right&#8221; add_icon=&#8221;top&#8221; i_icon_fontawesome=&#8221;fa fa-desktop&#8221; i_color=&#8221;custom&#8221; i_size=&#8221;lg&#8221; css_animation=&#8221;fadeInUp&#8221; btn_add_icon=&#8221;true&#8221; i_custom_color=&#8221;#45215d&#8221; btn_link=&#8221;url:http%3A%2F%2Fgmsoftware.ro%2Fro%2Fprojects%2Fraportare-iscir%2F|||&#8221;]\n<h4>Aceasta este o aplicatie desktop scris\u0103 \u00een limbajul Java \u0219i care se conecteaz\u0103 la o baz\u0103 de date MySQL, iar principala func\u021bionalitate este managementul clien\u021bilor \u00een cadrul firmelor care monteaz\u0103 \u0219i \u00eentre\u021bin instala\u021bii termice. Este o aplica\u021bie simpl\u0103, u\u0219or de folosit \u0219i foarte util\u0103 micilor companii din acest domeniu, dar care poate fi u\u0219or adaptat\u0103 \u0219i pentru alte activit\u0103\u021bi. Principalul obiectiv este s\u0103 reduc\u0103 timpul pretrecut \u00een createa rapoartelor ce trebuie predate autorit\u0103\u021bilor \u0219i clien\u021bilor.<\/h4>\n[\/vc_cta][\/vc_column][\/vc_row][vc_row][vc_column][vc_column_text]\n[\/vc_column_text][\/vc_column][\/vc_row][vc_row][vc_column][vc_column_text css_animation=&#8221;fadeInUp&#8221;]\n<h2 style=\"text-align: center;\">Cum lucr\u0103m noi<\/h2>\n[\/vc_column_text][\/vc_column][\/vc_row][vc_row][vc_column width=&#8221;1\/4&#8243;][vc_pie value=&#8221;100&#8243; label_value=&#8221;Comunic\u0103m&#8221; color=&#8221;custom&#8221; custom_color=&#8221;#ec6faa&#8221;][\/vc_column][vc_column width=&#8221;1\/4&#8243;][vc_pie value=&#8221;100&#8243; label_value=&#8221;Design&#8221; color=&#8221;custom&#8221; custom_color=&#8221;#000000&#8243;][\/vc_column][vc_column width=&#8221;1\/4&#8243;][vc_pie value=&#8221;100&#8243; label_value=&#8221;Develop&#8221; color=&#8221;custom&#8221; custom_color=&#8221;#ed1a59&#8243;][\/vc_column][vc_column width=&#8221;1\/4&#8243;][vc_pie value=&#8221;100&#8243; label_value=&#8221;Livr\u0103m&#8221; color=&#8221;custom&#8221; custom_color=&#8221;#45215d&#8221;][\/vc_column][\/vc_row][vc_row][vc_column][vc_column_text]\n[\/vc_column_text][\/vc_column][\/vc_row][vc_row][vc_column][vc_cta h2=&#8221;Aplica\u021bia care \u00ee\u021bi \u00eendreapt\u0103 spatele&#8221; h2_use_theme_fonts=&#8221;yes&#8221; h4=&#8221;De c\u00e2te ori \u021bi s-a atras aten\u021bia s\u0103 \u00ee\u021bi \u00eendrep\u021bi spatele?&#8221; h4_use_theme_fonts=&#8221;yes&#8221; txt_align=&#8221;center&#8221; css_animation=&#8221;fadeInUp&#8221; use_custom_fonts_h2=&#8221;true&#8221; use_custom_fonts_h4=&#8221;true&#8221; h2_link=&#8221;url:https%3A%2F%2Fplay.google.com%2Fstore%2Fapps%2Fdetails%3Fid%3Dro.gmsoftware.indreaptaspatele|title:Click%20aici%20pentru%20a%20desc%C4%83rca%20aplica%C8%9Bia|target:%20_blank|&#8221; h4_link=&#8221;url:https%3A%2F%2Fplay.google.com%2Fstore%2Fapps%2Fdetails%3Fid%3Dro.gmsoftware.indreaptaspatele|title:Click%20aici%20pentru%20a%20desc%C4%83rca%20aplica%C8%9Bia|target:%20_blank|&#8221;]<a href=\"https:\/\/play.google.com\/store\/apps\/details?id=ro.gmsoftware.indreaptaspatele\" target=\"_blank\" rel=\"noopener\"><img decoding=\"async\" loading=\"lazy\" class=\"alignnone wp-image-2235 size-medium\" src=\"https:\/\/gmsoftware.ro\/wp-content\/uploads\/2015\/12\/google-play-badge-ro.png\" alt=\"\" width=\"300\" height=\"150\" \/><\/a>[\/vc_cta][\/vc_column][\/vc_row][vc_row css_animation=&#8221;fadeInUp&#8221;][vc_column][vc_images_carousel images=&#8221;922,924,926,921,923,925,930&#8243; img_size=&#8221;large&#8221; onclick=&#8221;custom_link&#8221; custom_links_target=&#8221;_blank&#8221; slides_per_view=&#8221;2&#8243; autoplay=&#8221;yes&#8221; hide_pagination_control=&#8221;yes&#8221; wrap=&#8221;yes&#8221; custom_links=&#8221;#E-8_aHR0cCUzQSUyRiUyRmRlcm1hcGhhcm1hc2hvcC5ybyUyRiUyQ2h0dHAlM0ElMkYlMkZpbmRyZWFwdGFzcGF0ZWxlLnJvJTJGJTJDaHR0cCUzQSUyRiUyRmxvbmRvbmhvdXNlaWFzaS5ybyUyRiUyQ2h0dHAlM0ElMkYlMkZ3d3cuZGFyaWFzaG9wLnJvJTJGJTJDaHR0cCUzQSUyRiUyRmV1cm9kZXJtYS5ybyUyRiUyQ2h0dHAlM0ElMkYlMkZ3d3cubGF1ZGVybWEucm8lMkYlMkNodHRwcyUzQSUyRiUyRnBsYXkuZ29vZ2xlLmNvbSUyRnN0b3JlJTJGYXBwcyUyRmRldGFpbHMlM0ZpZCUzRHJvLndoYXRzbW9uaXRvciUyNmhsJTNEZW4lMkMlMkM=&#8221; el_class=&#8221;hidden_carousel&#8221;][\/vc_column][\/vc_row][vc_row][vc_column][vc_column_text]\n<\/div>\n<\/div>\n<\/div>\n[\/vc_column_text][\/vc_column][\/vc_row]\n","protected":false},"excerpt":{"rendered":"<p>[vc_row][vc_column][vc_column_text] [\/vc_column_text][\/vc_column][\/vc_row][vc_row][vc_column][layerslider_vc id=&#8221;1&#8243;][\/vc_column][\/vc_row][vc_row][vc_column][vc_cta h2=&#8221;Ne adres\u0103m problemelor dumneavoastr\u0103 zilnice&#8221; txt_align=&#8221;center&#8221; shape=&#8221;square&#8221; style=&#8221;custom&#8221;] Dac\u0103 ast\u0103zi ar fi ultima zi a vie\u021bii mele, a\u0219 vrea s\u0103 fac ceea ce voi face ast\u0103zi? GM Software este despre pasiunea pentru software \u0219i despre abilitatea de a r\u0103spunde &#8220;DA!&#8221; \u00een fiecare zi acestei \u00eentreb\u0103ri. Ne bucur\u0103m de vizitatorii no\u0219tri \u0219i \u00eei \u00eencuraj\u0103m s\u0103 exploreze site-ul nostru pentru a afla mai multe&#8230; <\/p>\n<p><a class=\"readmore\" href=\"https:\/\/gmsoftware.ro\/ro\/\">Read More<\/a><\/p>\n","protected":false},"author":1,"featured_media":0,"parent":0,"menu_order":0,"comment_status":"closed","ping_status":"closed","template":"","meta":{"_mi_skip_tracking":false,"_exactmetrics_sitenote_active":false,"_exactmetrics_sitenote_note":"","_exactmetrics_sitenote_category":0},"categories":[],"tags":[],"translation":{"provider":"WPGlobus","version":"2.12.0","language":"ro","enabled_languages":["en","ro"],"languages":{"en":{"title":false,"content":true,"excerpt":false},"ro":{"title":false,"content":true,"excerpt":false}}},"aioseo_notices":[],"_links":{"self":[{"href":"https:\/\/gmsoftware.ro\/ro\/wp-json\/wp\/v2\/pages\/25"}],"collection":[{"href":"https:\/\/gmsoftware.ro\/ro\/wp-json\/wp\/v2\/pages"}],"about":[{"href":"https:\/\/gmsoftware.ro\/ro\/wp-json\/wp\/v2\/types\/page"}],"author":[{"embeddable":true,"href":"https:\/\/gmsoftware.ro\/ro\/wp-json\/wp\/v2\/users\/1"}],"replies":[{"embeddable":true,"href":"https:\/\/gmsoftware.ro\/ro\/wp-json\/wp\/v2\/comments?post=25"}],"version-history":[{"count":182,"href":"https:\/\/gmsoftware.ro\/ro\/wp-json\/wp\/v2\/pages\/25\/revisions"}],"predecessor-version":[{"id":1350,"href":"https:\/\/gmsoftware.ro\/ro\/wp-json\/wp\/v2\/pages\/25\/revisions\/1350"}],"wp:attachment":[{"href":"https:\/\/gmsoftware.ro\/ro\/wp-json\/wp\/v2\/media?parent=25"}],"wp:term":[{"taxonomy":"category","embeddable":true,"href":"https:\/\/gmsoftware.ro\/ro\/wp-json\/wp\/v2\/categories?post=25"},{"taxonomy":"post_tag","embeddable":true,"href":"https:\/\/gmsoftware.ro\/ro\/wp-json\/wp\/v2\/tags?post=25"}],"curies":[{"name":"wp","href":"https:\/\/api.w.org\/{rel}","templated":true}]}}