{"id":170,"date":"2016-05-29T20:47:35","date_gmt":"2016-05-29T20:47:35","guid":{"rendered":"https:\/\/gmsoftware.ro\/?page_id=170"},"modified":"2017-11-06T14:11:04","modified_gmt":"2017-11-06T11:11:04","slug":"mobile-apps","status":"publish","type":"page","link":"https:\/\/gmsoftware.ro\/ro\/services\/mobile-apps\/","title":{"rendered":"Aplica\u021bii mobile"},"content":{"rendered":"[vc_row][vc_column][vc_column_text]Noi \u00eentelegem c\u0103 nevoile clien\u021bilor no\u0219tri dep\u0103\u0219esc grani\u021ba unui site de prezentare. Anumite interac\u021biuni cu utilizatorul se realizeaz\u0103 mai bine \u00eentr-o aplica\u021bie mobil\u0103, ad\u0103ug\u00e2nd astfel \u0219i funcionalit\u0103\u021bile sistemelor de operare Android sau iOS. Acest lucru face ca afacerea dumneavoastr\u0103 s\u0103 fac\u0103 diferen\u021ba. Clien\u021bi dumneavoastr\u0103 merit\u0103 cea mai bun\u0103 experien\u021b\u0103, iar noi v\u0103 putem oferi \u0219ansa s\u0103 v\u0103 crea\u021bi aplica\u021biile mobile presonalizate pentru nevoile curente.<\/p>\n<p>Dac\u0103 sunte\u021bi interesa\u021bi, v\u0103 rug\u0103m completa\u021bi formularul de mai jos pentru a ob\u021bine mai multe informa\u021bii despre pre\u021burile aplica\u021biilor mobile care se potrivesc nevoilor dumneavoastr\u0103. Noi nu oferim doar aplica\u021bia, ci \u00eencerc\u0103m s\u0103 v\u0103 sus\u021binem ideile despre ce ave\u021bi nevoie \u00een aplica\u021bie, design-ul \u0219i dezvolatarea aplica\u021biei precum \u0219i publicarea \u0219i \u00eembun\u0103t\u0103\u021birea acesteia. Totodat\u0103 oferim servicii de mentenan\u021b\u0103 pentru aplica\u021biile pe care le creem(la cerere) \u0219i v\u0103 ajut\u0103m s\u0103 v\u0103 cre\u0219te\u021bi baza de date a utilizatorilor.<\/p>\n\n<div class=\"wpcf7 no-js\" id=\"wpcf7-f572-o1\" lang=\"en-US\" dir=\"ltr\">\n<div class=\"screen-reader-response\"><p role=\"status\" aria-live=\"polite\" aria-atomic=\"true\"><\/p> <ul><\/ul><\/div>\n<form action=\"\/ro\/wp-json\/wp\/v2\/pages\/170#wpcf7-f572-o1\" method=\"post\" class=\"wpcf7-form init\" aria-label=\"Contact form\" novalidate=\"novalidate\" data-status=\"init\">\n<div style=\"display: none;\">\n<input type=\"hidden\" name=\"_wpcf7\" value=\"572\" \/>\n<input type=\"hidden\" name=\"_wpcf7_version\" value=\"5.7.6\" \/>\n<input type=\"hidden\" name=\"_wpcf7_locale\" value=\"en_US\" \/>\n<input type=\"hidden\" name=\"_wpcf7_unit_tag\" value=\"wpcf7-f572-o1\" \/>\n<input type=\"hidden\" name=\"_wpcf7_container_post\" value=\"0\" \/>\n<input type=\"hidden\" name=\"_wpcf7_posted_data_hash\" value=\"\" \/>\n<input type=\"hidden\" name=\"_wpcf7_recaptcha_response\" value=\"\" \/>\n<\/div>\n<h3>Ave\u021bi nevoie de o aplica\u021bie mobil\u0103?\n<\/h3>\n<p>V\u0103 rug\u0103m s\u0103 ne l\u0103sa\u021bi adresa dumneavoastr\u0103 de mail \u0219i noi v\u0103 vom contacta \u00een cel mai scurt timp.\n<\/p>\n<p>Email*\n<\/p>\n<p><span class=\"wpcf7-form-control-wrap\" data-name=\"your-email\"><input size=\"40\" class=\"wpcf7-form-control wpcf7-text wpcf7-email wpcf7-validates-as-required wpcf7-validates-as-email\" aria-required=\"true\" aria-invalid=\"false\" value=\"\" type=\"email\" name=\"your-email\" \/><\/span>\n<\/p>\n<p>Mesaj\n<\/p>\n<p><span class=\"wpcf7-form-control-wrap\" data-name=\"textarea-servicii\"><textarea cols=\"40\" rows=\"10\" class=\"wpcf7-form-control wpcf7-textarea\" aria-invalid=\"false\" name=\"textarea-servicii\"><\/textarea><\/span>\n<\/p>\n<p>\n\n<\/p>\n<p><input class=\"wpcf7-form-control has-spinner wpcf7-submit\" type=\"submit\" value=\"Trimite\" \/>\n<\/p>\n<p> *Ap\u0103s\u00e2nd pe butonul Trimite, sunte\u021bi de acord s\u0103 v\u0103 abona\u021bi la lista noastr\u0103 de e-mail, dar v\u0103 pute\u021bi dezabona oric\u00e2nd dac\u0103 nu dori\u021bi s\u0103 primi\u021bi e-mailurile noastre.\n<\/p>\n<div class=\"wpcf7-response-output\" aria-hidden=\"true\"><\/div>\n<\/form>\n<\/div>\n[\/vc_column_text][\/vc_column][\/vc_row][vc_row][vc_column][vc_custom_heading text=&#8221;Cele mai noi proiecte&#8221; font_container=&#8221;tag:h2|text_align:center&#8221; use_theme_fonts=&#8221;yes&#8221;][vc_masonry_grid post_type=&#8221;page&#8221; max_items=&#8221;10&#8243; style=&#8221;lazy&#8221; item=&#8221;1036&#8243; grid_id=&#8221;vc_gid:1509966765984-2e9cb6e4-04f3-5&#8243; taxonomies=&#8221;5, 7&#8243;][\/vc_column][\/vc_row]\n","protected":false},"excerpt":{"rendered":"<p>[vc_row][vc_column][vc_column_text]Noi \u00eentelegem c\u0103 nevoile clien\u021bilor no\u0219tri dep\u0103\u0219esc grani\u021ba unui site de prezentare. Anumite interac\u021biuni cu utilizatorul se realizeaz\u0103 mai bine \u00eentr-o aplica\u021bie mobil\u0103, ad\u0103ug\u00e2nd astfel \u0219i funcionalit\u0103\u021bile sistemelor de operare Android sau iOS. Acest lucru face ca afacerea dumneavoastr\u0103 s\u0103 fac\u0103 diferen\u021ba. Clien\u021bi dumneavoastr\u0103 merit\u0103 cea mai bun\u0103 experien\u021b\u0103, iar noi v\u0103 putem oferi \u0219ansa s\u0103 v\u0103 crea\u021bi aplica\u021biile mobile presonalizate pentru nevoile curente. Dac\u0103&#8230; <\/p>\n<p><a class=\"readmore\" href=\"https:\/\/gmsoftware.ro\/ro\/services\/mobile-apps\/\">Read More<\/a><\/p>\n","protected":false},"author":1,"featured_media":0,"parent":148,"menu_order":0,"comment_status":"closed","ping_status":"closed","template":"","meta":{"_mi_skip_tracking":false,"_exactmetrics_sitenote_active":false,"_exactmetrics_sitenote_note":"","_exactmetrics_sitenote_category":0},"categories":[],"tags":[],"translation":{"provider":"WPGlobus","version":"2.12.0","language":"ro","enabled_languages":["en","ro"],"languages":{"en":{"title":true,"content":true,"excerpt":false},"ro":{"title":true,"content":true,"excerpt":false}}},"aioseo_notices":[],"_links":{"self":[{"href":"https:\/\/gmsoftware.ro\/ro\/wp-json\/wp\/v2\/pages\/170"}],"collection":[{"href":"https:\/\/gmsoftware.ro\/ro\/wp-json\/wp\/v2\/pages"}],"about":[{"href":"https:\/\/gmsoftware.ro\/ro\/wp-json\/wp\/v2\/types\/page"}],"author":[{"embeddable":true,"href":"https:\/\/gmsoftware.ro\/ro\/wp-json\/wp\/v2\/users\/1"}],"replies":[{"embeddable":true,"href":"https:\/\/gmsoftware.ro\/ro\/wp-json\/wp\/v2\/comments?post=170"}],"version-history":[{"count":10,"href":"https:\/\/gmsoftware.ro\/ro\/wp-json\/wp\/v2\/pages\/170\/revisions"}],"predecessor-version":[{"id":1120,"href":"https:\/\/gmsoftware.ro\/ro\/wp-json\/wp\/v2\/pages\/170\/revisions\/1120"}],"up":[{"embeddable":true,"href":"https:\/\/gmsoftware.ro\/ro\/wp-json\/wp\/v2\/pages\/148"}],"wp:attachment":[{"href":"https:\/\/gmsoftware.ro\/ro\/wp-json\/wp\/v2\/media?parent=170"}],"wp:term":[{"taxonomy":"category","embeddable":true,"href":"https:\/\/gmsoftware.ro\/ro\/wp-json\/wp\/v2\/categories?post=170"},{"taxonomy":"post_tag","embeddable":true,"href":"https:\/\/gmsoftware.ro\/ro\/wp-json\/wp\/v2\/tags?post=170"}],"curies":[{"name":"wp","href":"https:\/\/api.w.org\/{rel}","templated":true}]}}