{"id":156,"date":"2016-05-29T20:24:08","date_gmt":"2016-05-29T20:24:08","guid":{"rendered":"https:\/\/gmsoftware.ro\/?page_id=156"},"modified":"2019-06-02T20:34:33","modified_gmt":"2019-06-02T17:34:33","slug":"website-management","status":"publish","type":"page","link":"https:\/\/gmsoftware.ro\/ro\/services\/website-management\/","title":{"rendered":"Administrare Website"},"content":{"rendered":"[vc_row][vc_column][vc_column_text]Echipa GM Software poate avea grij\u0103 de site-ul t\u0103u bazat pe\u00a0<strong>WordPress,<\/strong>\u00a0<strong>OpenCart<\/strong> sau <strong>orice alt\u0103 platform\u0103.\u00a0<\/strong>Administrarea unui site presupune multe activit\u0103\u021bi iar noi suntem aici s\u0103 te ajut\u0103m. Clientul nostru nu trebuie s\u0103 \u00eenve\u021be platforme de creare a site-urilor web sau alte no\u021biuni ce \u021bin de site-uri \u00een general, astfel ve\u021bi salva timp pre\u021bios afacerii dumneavoastr\u0103. Aceastea sunt c\u00e2teva din lucrurile pe care noi le putem face pentru dumneavoastr\u0103:<\/p>\n<ul>\n<li>Texte \u0219i fotografii: ad\u0103ugare\/editare\/\u0219tergere\/\u00eenc\u0103rcare, inclusiv fi\u0219iere PDF<\/li>\n<li>Introducere\/\u0219tergere clipuri video pre-editate<\/li>\n<li>Ad\u0103ugare\/\u0219tergere pagini site<\/li>\n<li>Ad\u0103ugare de noi func\u021bionalit\u0103\u021bi site-ului<\/li>\n<li>Administrare conturi mail inclusiv ad\u0103ugare conturilor de mail \u00een Outlook\/Thunderbird sau alt program de vizualizare a mail-urilor<\/li>\n<li>Modificare formulare sau c\u00e2mpuri existente<\/li>\n<li>Modificare aspect web site<\/li>\n<li>Administrarea bazelor de date<\/li>\n<li>Migrare c\u0103tre alt serviciu de hosting<\/li>\n<li>Optimizare pentru motoarele de c\u0103utare<\/li>\n<li>Rezolvarea altor cerin\u021be specifice clientului<\/li>\n<\/ul>\n[\/vc_column_text][\/vc_column][\/vc_row][vc_row css_animation=&#8221;fadeInUp&#8221;][vc_column width=&#8221;1\/3&#8243;][vc_cta h2=&#8221;BLUE&#8221; h4=&#8221;200 RON \/ lunar&#8221; txt_align=&#8221;center&#8221; shape=&#8221;square&#8221; style=&#8221;flat&#8221; color=&#8221;blue&#8221;]\n<h5><span style=\"color: #ffffff;\">Timp de interven\u021bie: <strong>48 h<\/strong><\/span><\/h5>\n<h5><span style=\"color: #ffffff;\">Back-up al bazei de date:<strong> lunar<\/strong><\/span><\/h5>\n<h5><span style=\"color: #ffffff;\">Administrare web site: <strong>2 h<\/strong><\/span><\/h5>\n<h5><span style=\"color: #ffffff;\">Cost or\u0103 de interven\u021bie suplimentar\u0103: <strong>120 RON<\/strong><\/span><\/h5>\n<h5><span style=\"color: #ffffff;\">Num\u0103r de site-uri web: <strong>1<\/strong><\/span><\/h5>\n<h5><span style=\"color: #ffffff;\">Perioad\u0103 contractual\u0103: <strong>12 luni<\/strong><\/span><\/h5>\n[\/vc_cta][\/vc_column][vc_column width=&#8221;1\/3&#8243;][vc_cta h2=&#8221;RED&#8221; h4=&#8221;250 RON \/ lunar&#8221; txt_align=&#8221;center&#8221; shape=&#8221;square&#8221; style=&#8221;flat&#8221; color=&#8221;juicy-pink&#8221;]\n<h5><span style=\"color: #ffffff;\">Timp de interven\u021bie: <strong>24 h<\/strong><\/span><\/h5>\n<h5><span style=\"color: #ffffff;\">Back-up al bazei de date: <strong>lunar<\/strong><\/span><\/h5>\n<h5><span style=\"color: #ffffff;\">Administrare web site: <strong>3\u00a0h<\/strong><\/span><\/h5>\n<h5><span style=\"color: #ffffff;\">Cost or\u0103 de interven\u021bie suplimentar\u0103:<strong> 100 RON<\/strong><\/span><\/h5>\n<h5><span style=\"color: #ffffff;\">Num\u0103r de site-uri web: <strong>1<\/strong><\/span><\/h5>\n<h5><span style=\"color: #ffffff;\">Perioad\u0103 contractual\u0103: <strong>12 luni<\/strong><\/span><\/h5>\n[\/vc_cta][\/vc_column][vc_column width=&#8221;1\/3&#8243;][vc_cta h2=&#8221;GREEN&#8221; h4=&#8221;350 RON \/ lunar&#8221; txt_align=&#8221;center&#8221; shape=&#8221;square&#8221; style=&#8221;custom&#8221; custom_background=&#8221;#006600&#8243; custom_text=&#8221;#ffffff&#8221;]\n<h5><span style=\"color: #ffffff;\">Timp de interven\u021bie:<strong> 16 h<\/strong><\/span><\/h5>\n<h5><span style=\"color: #ffffff;\">Back-up al bazei de date: <strong>zilnic<\/strong><\/span><\/h5>\n<h5><span style=\"color: #ffffff;\">Administrare web site: <strong>5\u00a0h<\/strong><\/span><\/h5>\n<h5><span style=\"color: #ffffff;\">Cost or\u0103 de interven\u021bie suplimentar\u0103: <strong>80 RON<\/strong><\/span><\/h5>\n<h5><span style=\"color: #ffffff;\">Num\u0103r de site-uri web: <strong>3<\/strong><\/span><\/h5>\n<h5><span style=\"color: #ffffff;\">Perioad\u0103 contractual\u0103: <strong>6\u00a0luni<\/strong><\/span><\/h5>\n[\/vc_cta][\/vc_column][\/vc_row][vc_row][vc_column][vc_column_text]<strong>Un lucru \u00een plus: Dac\u0103 nu utiliza\u021bi orele aferente lunii \u00een curs aceastea nu se reporteaz\u0103. Orele neutilizate nu pot fi ad\u0103ugate lunii urm\u0103toare, principalul motiv este c\u0103 dorim s\u0103 ne planific\u0103m c\u00e2t mai bine timpul alocat tuturor clien\u021bilor nostri.<\/strong>[\/vc_column_text][\/vc_column][\/vc_row][vc_row][vc_column]\n<div class=\"wpcf7 no-js\" id=\"wpcf7-f559-o1\" lang=\"en-US\" dir=\"ltr\">\n<div class=\"screen-reader-response\"><p role=\"status\" aria-live=\"polite\" aria-atomic=\"true\"><\/p> <ul><\/ul><\/div>\n<form action=\"\/ro\/wp-json\/wp\/v2\/pages\/156#wpcf7-f559-o1\" method=\"post\" class=\"wpcf7-form init\" aria-label=\"Contact form\" novalidate=\"novalidate\" data-status=\"init\">\n<div style=\"display: none;\">\n<input type=\"hidden\" name=\"_wpcf7\" value=\"559\" \/>\n<input type=\"hidden\" name=\"_wpcf7_version\" value=\"5.7.6\" \/>\n<input type=\"hidden\" name=\"_wpcf7_locale\" value=\"en_US\" \/>\n<input type=\"hidden\" name=\"_wpcf7_unit_tag\" value=\"wpcf7-f559-o1\" \/>\n<input type=\"hidden\" name=\"_wpcf7_container_post\" value=\"0\" \/>\n<input type=\"hidden\" name=\"_wpcf7_posted_data_hash\" value=\"\" \/>\n<input type=\"hidden\" name=\"_wpcf7_recaptcha_response\" value=\"\" \/>\n<\/div>\n<h3>Sunte\u021bi interesa\u021bi de un abonament pentru website-ul dumneavoastr\u0103?\n<\/h3>\n<p>V\u0103 rug\u0103m s\u0103 ne l\u0103sa\u021bi adresa dumneavoastr\u0103 de mail \u0219i abonamentul dorit \u0219i noi v\u0103 vom contacta \u00een cel mai scurt timp.\n<\/p>\n<p>Email*\n<\/p>\n<p><span class=\"wpcf7-form-control-wrap\" data-name=\"your-email\"><input size=\"40\" class=\"wpcf7-form-control wpcf7-text wpcf7-email wpcf7-validates-as-required wpcf7-validates-as-email\" aria-required=\"true\" aria-invalid=\"false\" value=\"\" type=\"email\" name=\"your-email\" \/><\/span>\n<\/p>\n<p>Website*\n<\/p>\n<p><span class=\"wpcf7-form-control-wrap\" data-name=\"your-website\"><input size=\"40\" class=\"wpcf7-form-control wpcf7-text wpcf7-validates-as-required\" aria-required=\"true\" aria-invalid=\"false\" value=\"\" type=\"text\" name=\"your-website\" \/><\/span>\n<\/p>\n<p>Selecteaz\u0103 un abonament*\n<\/p>\n<p><span class=\"wpcf7-form-control-wrap\" data-name=\"menu-abonament\"><select class=\"wpcf7-form-control wpcf7-select wpcf7-validates-as-required\" aria-required=\"true\" aria-invalid=\"false\" name=\"menu-abonament\"><option value=\"Abonament Blue 200 RON\">Abonament Blue 200 RON<\/option><option value=\"Abonament Red 250 RON\">Abonament Red 250 RON<\/option><option value=\"Abonament Green 350 RON\">Abonament Green 350 RON<\/option><\/select><\/span>\n<\/p>\n<p>Mesaj:\n<\/p>\n<p><span class=\"wpcf7-form-control-wrap\" data-name=\"textarea-abonament\"><textarea cols=\"40\" rows=\"10\" class=\"wpcf7-form-control wpcf7-textarea\" aria-invalid=\"false\" name=\"textarea-abonament\"><\/textarea><\/span>\n<\/p>\n<p>\n\n<\/p>\n<p><input class=\"wpcf7-form-control has-spinner wpcf7-submit\" type=\"submit\" value=\"Trimite\" \/>\n<\/p>\n<p> *Ap\u0103s\u00e2nd pe butonul Trimite, sunte\u021bi de acord s\u0103 v\u0103 abona\u021bi la lista noastr\u0103 de e-mail, dar v\u0103 pute\u021bi dezabona oric\u00e2nd dac\u0103 nu dori\u021bi s\u0103 primi\u021bi e-mailurile noastre.\n<\/p>\n<div class=\"wpcf7-response-output\" aria-hidden=\"true\"><\/div>\n<\/form>\n<\/div>\n[\/vc_column][\/vc_row][vc_row][vc_column][vc_custom_heading text=&#8221;Cele mai noi proiecte&#8221; font_container=&#8221;tag:h2|text_align:center&#8221; use_theme_fonts=&#8221;yes&#8221;][vc_masonry_grid post_type=&#8221;page&#8221; max_items=&#8221;10&#8243; style=&#8221;lazy&#8221; item=&#8221;1036&#8243; grid_id=&#8221;vc_gid:1559496836289-16776119-d42d-8&#8243; taxonomies=&#8221;9&#8243;][\/vc_column][\/vc_row]\n","protected":false},"excerpt":{"rendered":"<p>[vc_row][vc_column][vc_column_text]Echipa GM Software poate avea grij\u0103 de site-ul t\u0103u bazat pe\u00a0WordPress,\u00a0OpenCart sau orice alt\u0103 platform\u0103.\u00a0Administrarea unui site presupune multe activit\u0103\u021bi iar noi suntem aici s\u0103 te ajut\u0103m. Clientul nostru nu trebuie s\u0103 \u00eenve\u021be platforme de creare a site-urilor web sau alte no\u021biuni ce \u021bin de site-uri \u00een general, astfel ve\u021bi salva timp pre\u021bios afacerii dumneavoastr\u0103. Aceastea sunt c\u00e2teva din lucrurile pe care noi le putem&#8230; <\/p>\n<p><a class=\"readmore\" href=\"https:\/\/gmsoftware.ro\/ro\/services\/website-management\/\">Read More<\/a><\/p>\n","protected":false},"author":1,"featured_media":0,"parent":148,"menu_order":0,"comment_status":"closed","ping_status":"closed","template":"","meta":{"_mi_skip_tracking":false,"_exactmetrics_sitenote_active":false,"_exactmetrics_sitenote_note":"","_exactmetrics_sitenote_category":0},"categories":[],"tags":[],"translation":{"provider":"WPGlobus","version":"2.12.0","language":"ro","enabled_languages":["en","ro"],"languages":{"en":{"title":true,"content":true,"excerpt":false},"ro":{"title":true,"content":true,"excerpt":false}}},"aioseo_notices":[],"_links":{"self":[{"href":"https:\/\/gmsoftware.ro\/ro\/wp-json\/wp\/v2\/pages\/156"}],"collection":[{"href":"https:\/\/gmsoftware.ro\/ro\/wp-json\/wp\/v2\/pages"}],"about":[{"href":"https:\/\/gmsoftware.ro\/ro\/wp-json\/wp\/v2\/types\/page"}],"author":[{"embeddable":true,"href":"https:\/\/gmsoftware.ro\/ro\/wp-json\/wp\/v2\/users\/1"}],"replies":[{"embeddable":true,"href":"https:\/\/gmsoftware.ro\/ro\/wp-json\/wp\/v2\/comments?post=156"}],"version-history":[{"count":69,"href":"https:\/\/gmsoftware.ro\/ro\/wp-json\/wp\/v2\/pages\/156\/revisions"}],"predecessor-version":[{"id":1325,"href":"https:\/\/gmsoftware.ro\/ro\/wp-json\/wp\/v2\/pages\/156\/revisions\/1325"}],"up":[{"embeddable":true,"href":"https:\/\/gmsoftware.ro\/ro\/wp-json\/wp\/v2\/pages\/148"}],"wp:attachment":[{"href":"https:\/\/gmsoftware.ro\/ro\/wp-json\/wp\/v2\/media?parent=156"}],"wp:term":[{"taxonomy":"category","embeddable":true,"href":"https:\/\/gmsoftware.ro\/ro\/wp-json\/wp\/v2\/categories?post=156"},{"taxonomy":"post_tag","embeddable":true,"href":"https:\/\/gmsoftware.ro\/ro\/wp-json\/wp\/v2\/tags?post=156"}],"curies":[{"name":"wp","href":"https:\/\/api.w.org\/{rel}","templated":true}]}}