{"id":148,"date":"2016-05-28T18:07:27","date_gmt":"2016-05-28T18:07:27","guid":{"rendered":"https:\/\/gmsoftware.ro\/?page_id=148"},"modified":"2018-10-01T23:40:56","modified_gmt":"2018-10-01T20:40:56","slug":"services","status":"publish","type":"page","link":"https:\/\/gmsoftware.ro\/ro\/services\/","title":{"rendered":"Servicii"},"content":{"rendered":"[vc_row][vc_column][vc_column_text]\n<h4>Ai nevoie de un site web? o aplica\u021bie? o platform\u0103? Dac\u0103 este vorba despre \u00eenv\u0103\u021barea unui computer pentru a-\u021bi face munca mai u\u0219oar\u0103, o putem face! <a href=\"https:\/\/gmsoftware.ro\/ro\/contact\/\">Las\u0103-ne un mesaj<\/a> \u0219i ne vom \u00eentoarce la dumneavoastr\u0103 \u00een cel mai scurt timp.<\/h4>\n<h4>GM Software dezvolt\u0103 aplica\u021bii software din 2015. Software-ul nostru v\u0103 ajut\u0103 s\u0103 deveni\u021bi mai productivi \u0219i s\u0103 interac\u021biona\u021bi mai mult cu clien\u021bii, partenerii sau angaja\u021bii dumneavoastr\u0103. Oferim servicii software pentru aplica\u021bii de tip desktop \u0219i mobil, dar putem oferi \u0219i arhitecturi scalabile folosind servicii cloud care se potrivesc proceselor dumneavoastr\u0103 complexe din companie.<\/h4>\n<h4>Know-how-ul nostru tehnic acoper\u0103 urm\u0103toarele subiecte:<\/h4>\n<h4><i class=\"fa-check\" style=\" font-size:18px;\"><\/i> Mobile development Android (Java\/Kotlin), iOS (Objective-C\/Swift)<\/h4>\n<h4><i class=\"fa-check\" style=\" font-size:18px;\"><\/i> Client-side: HTML, CSS, Javascript(Angular JS)<\/h4>\n<h4><i class=\"fa-check\" style=\" font-size:18px;\"><\/i> Server-Side: Java, Ruby on Rails<\/h4>\n<h4><i class=\"fa-check\" style=\" font-size:18px;\"><\/i> Cloud solutions: Amazon Web Services<\/h4>\n[\/vc_column_text][\/vc_column][\/vc_row][vc_row][vc_column]<div class=\"templatera_shortcode\"><section class=\"wpb_row  \"><div class=\"wpb_column vc_column_container vc_col-sm-12\"><div class=\"vc_column-inner \"><div class=\"wpb_wrapper\"><h2 style=\"text-align: center\" class=\"vc_custom_heading\" >Cite\u0219te mai mult despre serviciile noastre<\/h2><\/div><\/div><\/div><\/section><section class=\"wpb_row   wpb_animate_when_almost_visible wpb_fadeInUp fadeInUp\"><div class=\"wpb_column vc_column_container vc_col-sm-6\"><div class=\"vc_column-inner \"><div class=\"wpb_wrapper\"><section class=\"vc_cta3-container\" >\n\t<div class=\"vc_general vc_cta3 vc_cta3-style-custom vc_cta3-shape-square vc_cta3-align-center vc_cta3-icon-size-md\" style=\"background-color:#9cbc42;\">\n\t\t\t\t\t\t<div class=\"vc_cta3_content-container\">\n\t\t\t\t\t\t\t\t\t<div class=\"vc_cta3-content\">\n\t\t\t\t<header class=\"vc_cta3-content-header\">\n\t\t\t\t\t<h2 style=\"color: #ffffff\" class=\"vc_custom_heading\" ><a href=\"http:\/\/gmsoftware.ro\/ro\/services\/website-management\/\">Administrare Website<\/a><\/h2>\t\t\t\t\t\t\t\t\t<\/header>\n\t\t\t\t<h5><\/h5>\n\t\t\t<\/div>\n\t\t\t\t\t\t\t\t<\/div>\n\t\t\t\t\t<\/div>\n<\/section>\n\n<\/div><\/div><\/div><div class=\"wpb_column vc_column_container vc_col-sm-6\"><div class=\"vc_column-inner \"><div class=\"wpb_wrapper\"><section class=\"vc_cta3-container\" >\n\t<div class=\"vc_general vc_cta3 vc_cta3-style-custom vc_cta3-shape-square vc_cta3-align-center vc_cta3-icon-size-md\" style=\"background-color:#f68822;\">\n\t\t\t\t\t\t<div class=\"vc_cta3_content-container\">\n\t\t\t\t\t\t\t\t\t<div class=\"vc_cta3-content\">\n\t\t\t\t<header class=\"vc_cta3-content-header\">\n\t\t\t\t\t<h2 style=\"color: #ffffff\" class=\"vc_custom_heading\" ><a href=\"http:\/\/gmsoftware.ro\/ro\/services\/mobile-apps\/\">Aplica\u021bii Mobile<\/a><\/h2>\t\t\t\t\t\t\t\t\t<\/header>\n\t\t\t\t<h5><\/h5>\n\t\t\t<\/div>\n\t\t\t\t\t\t\t\t<\/div>\n\t\t\t\t\t<\/div>\n<\/section>\n\n<\/div><\/div><\/div><\/section><section class=\"wpb_row   wpb_animate_when_almost_visible wpb_fadeInUp fadeInUp\"><div class=\"wpb_column vc_column_container vc_col-sm-6\"><div class=\"vc_column-inner \"><div class=\"wpb_wrapper\"><section class=\"vc_cta3-container\" >\n\t<div class=\"vc_general vc_cta3 vc_cta3-style-custom vc_cta3-shape-square vc_cta3-align-center vc_cta3-icon-size-md\" style=\"background-color:#5cc7d3;\">\n\t\t\t\t\t\t<div class=\"vc_cta3_content-container\">\n\t\t\t\t\t\t\t\t\t<div class=\"vc_cta3-content\">\n\t\t\t\t<header class=\"vc_cta3-content-header\">\n\t\t\t\t\t<h2 style=\"color: #ffffff\" class=\"vc_custom_heading\" ><a href=\"http:\/\/gmsoftware.ro\/ro\/services\/website-design-development\/\">Creare Website<\/a><\/h2>\t\t\t\t\t\t\t\t\t<\/header>\n\t\t\t\t<h5><\/h5>\n\t\t\t<\/div>\n\t\t\t\t\t\t\t\t<\/div>\n\t\t\t\t\t<\/div>\n<\/section>\n\n<\/div><\/div><\/div><div class=\"wpb_column vc_column_container vc_col-sm-6\"><div class=\"vc_column-inner \"><div class=\"wpb_wrapper\"><section class=\"vc_cta3-container\" >\n\t<div class=\"vc_general vc_cta3 vc_cta3-style-custom vc_cta3-shape-square vc_cta3-align-center vc_cta3-icon-size-md\" style=\"background-color:#ab7c51;\">\n\t\t\t\t\t\t<div class=\"vc_cta3_content-container\">\n\t\t\t\t\t\t\t\t\t<div class=\"vc_cta3-content\">\n\t\t\t\t<header class=\"vc_cta3-content-header\">\n\t\t\t\t\t<h2 style=\"color: #ffffff\" class=\"vc_custom_heading\" ><a href=\"http:\/\/gmsoftware.ro\/ro\/services\/cloud-solutions\/\">Solu\u021bii Cloud<\/a><\/h2>\t\t\t\t\t\t\t\t\t<\/header>\n\t\t\t\t<h5><\/h5>\n\t\t\t<\/div>\n\t\t\t\t\t\t\t\t<\/div>\n\t\t\t\t\t<\/div>\n<\/section>\n\n<\/div><\/div><\/div><\/section><\/div>[\/vc_column][\/vc_row][vc_row css_animation=&#8221;fadeInUp&#8221;][vc_column]\n<div class=\"wpcf7 no-js\" id=\"wpcf7-f522-o1\" lang=\"en-US\" dir=\"ltr\">\n<div class=\"screen-reader-response\"><p role=\"status\" aria-live=\"polite\" aria-atomic=\"true\"><\/p> <ul><\/ul><\/div>\n<form action=\"\/ro\/wp-json\/wp\/v2\/pages\/148#wpcf7-f522-o1\" method=\"post\" class=\"wpcf7-form init\" aria-label=\"Contact form\" novalidate=\"novalidate\" data-status=\"init\">\n<div style=\"display: none;\">\n<input type=\"hidden\" name=\"_wpcf7\" value=\"522\" \/>\n<input type=\"hidden\" name=\"_wpcf7_version\" value=\"5.7.6\" \/>\n<input type=\"hidden\" name=\"_wpcf7_locale\" value=\"en_US\" \/>\n<input type=\"hidden\" name=\"_wpcf7_unit_tag\" value=\"wpcf7-f522-o1\" \/>\n<input type=\"hidden\" name=\"_wpcf7_container_post\" value=\"0\" \/>\n<input type=\"hidden\" name=\"_wpcf7_posted_data_hash\" value=\"\" \/>\n<input type=\"hidden\" name=\"_wpcf7_recaptcha_response\" value=\"\" \/>\n<\/div>\n<h3>Ave\u021bi nevoie de un produs software?\n<\/h3>\n<p>V\u0103 rug\u0103m s\u0103 ne l\u0103sa\u021bi adresa dumneavoastr\u0103 de mail \u0219i noi v\u0103 vom contacta \u00een cel mai scurt timp.\n<\/p>\n<p>Email*\n<\/p>\n<p><span class=\"wpcf7-form-control-wrap\" data-name=\"your-email\"><input size=\"40\" class=\"wpcf7-form-control wpcf7-text wpcf7-email wpcf7-validates-as-required wpcf7-validates-as-email\" aria-required=\"true\" aria-invalid=\"false\" value=\"\" type=\"email\" name=\"your-email\" \/><\/span>\n<\/p>\n<p>Mesaj\n<\/p>\n<p><span class=\"wpcf7-form-control-wrap\" data-name=\"textarea-servicii\"><textarea cols=\"40\" rows=\"10\" class=\"wpcf7-form-control wpcf7-textarea\" aria-invalid=\"false\" name=\"textarea-servicii\"><\/textarea><\/span>\n<\/p>\n<p>\n\n<\/p>\n<p><input class=\"wpcf7-form-control has-spinner wpcf7-submit\" type=\"submit\" value=\"Trimite\" \/>\n<\/p>\n<p> *Ap\u0103s\u00e2nd pe butonul Trimite, sunte\u021bi de acord s\u0103 v\u0103 abona\u021bi la lista noastr\u0103 de e-mail, dar v\u0103 pute\u021bi dezabona oric\u00e2nd dac\u0103 nu dori\u021bi s\u0103 primi\u021bi e-mailurile noastre.\n<\/p>\n<div class=\"wpcf7-response-output\" aria-hidden=\"true\"><\/div>\n<\/form>\n<\/div>\n[\/vc_column][\/vc_row]\n","protected":false},"excerpt":{"rendered":"Cite\u0219te mai mult despre serviciile noastre Administrare Website Aplica\u021bii Mobile Creare Website Solu\u021bii Cloud","protected":false},"author":1,"featured_media":0,"parent":0,"menu_order":0,"comment_status":"closed","ping_status":"closed","template":"","meta":{"_mi_skip_tracking":false,"_exactmetrics_sitenote_active":false,"_exactmetrics_sitenote_note":"","_exactmetrics_sitenote_category":0},"categories":[],"tags":[],"translation":{"provider":"WPGlobus","version":"2.12.0","language":"ro","enabled_languages":["en","ro"],"languages":{"en":{"title":true,"content":true,"excerpt":false},"ro":{"title":true,"content":true,"excerpt":false}}},"aioseo_notices":[],"_links":{"self":[{"href":"https:\/\/gmsoftware.ro\/ro\/wp-json\/wp\/v2\/pages\/148"}],"collection":[{"href":"https:\/\/gmsoftware.ro\/ro\/wp-json\/wp\/v2\/pages"}],"about":[{"href":"https:\/\/gmsoftware.ro\/ro\/wp-json\/wp\/v2\/types\/page"}],"author":[{"embeddable":true,"href":"https:\/\/gmsoftware.ro\/ro\/wp-json\/wp\/v2\/users\/1"}],"replies":[{"embeddable":true,"href":"https:\/\/gmsoftware.ro\/ro\/wp-json\/wp\/v2\/comments?post=148"}],"version-history":[{"count":64,"href":"https:\/\/gmsoftware.ro\/ro\/wp-json\/wp\/v2\/pages\/148\/revisions"}],"predecessor-version":[{"id":1265,"href":"https:\/\/gmsoftware.ro\/ro\/wp-json\/wp\/v2\/pages\/148\/revisions\/1265"}],"wp:attachment":[{"href":"https:\/\/gmsoftware.ro\/ro\/wp-json\/wp\/v2\/media?parent=148"}],"wp:term":[{"taxonomy":"category","embeddable":true,"href":"https:\/\/gmsoftware.ro\/ro\/wp-json\/wp\/v2\/categories?post=148"},{"taxonomy":"post_tag","embeddable":true,"href":"https:\/\/gmsoftware.ro\/ro\/wp-json\/wp\/v2\/tags?post=148"}],"curies":[{"name":"wp","href":"https:\/\/api.w.org\/{rel}","templated":true}]}}